{"id":540,"date":"2025-06-27T19:27:31","date_gmt":"2025-06-27T16:27:31","guid":{"rendered":"https:\/\/senadurulaw.com\/?page_id=540"},"modified":"2025-06-27T19:27:51","modified_gmt":"2025-06-27T16:27:51","slug":"startup-hukuku-avukati","status":"publish","type":"page","link":"https:\/\/senadurulaw.com\/en\/startup-hukuku-avukati\/","title":{"rendered":"Startup Law &amp; Lawyer"},"content":{"rendered":"<p>Giri\u015fimcilik ekosistemi, g\u00fcn\u00fcm\u00fczde h\u0131zla b\u00fcy\u00fcyen bir i\u015f modeli olarak \u00f6ne \u00e7\u0131kmaktad\u0131r. Bu b\u00fcy\u00fcme sadece ekonomik alanla s\u0131n\u0131rl\u0131 kalmamakta ayn\u0131 zamanda hukuki anlamda da yeni bir yap\u0131lanmay\u0131 beraberinde getirmektedir. \u00d6zellikle&nbsp;<strong>startup<\/strong><strong>&nbsp;hukuku<\/strong>&nbsp;yeni fikirlerle yola \u00e7\u0131kan giri\u015fimcilerin kar\u015f\u0131la\u015ft\u0131\u011f\u0131 hukuki zorluklar\u0131 \u00e7\u00f6zmeye y\u00f6nelik geli\u015fen&nbsp;disiplinleraras\u0131&nbsp;bir hukuk alan\u0131 olarak \u015fekillenmi\u015ftir. Fikirlerin ticarile\u015ftirilmesi s\u00fcrecinde fikri m\u00fclkiyetten \u015firket kurulu\u015funa yat\u0131r\u0131m ili\u015fkilerinden ki\u015fisel veri korumalar\u0131na kadar geni\u015f bir alan\u0131 kapsamaktad\u0131r.<\/p>\n\n\n\n<h2 class=\"wp-block-heading\">Startup&nbsp;Hukuku Nedir?<\/h2>\n\n\n\n<p><strong>Startup<\/strong><strong>&nbsp;hukuku nedir<\/strong>&nbsp;sorusunun yan\u0131t\u0131 bir giri\u015fim fikrinin do\u011fu\u015fundan ticarile\u015ftirilmesine kadar ge\u00e7en s\u00fcre\u00e7teki t\u00fcm hukuki i\u015flemlerin d\u00fczenlenmesini ifade eder. Bu hukuk dal\u0131 giri\u015fimlerin fikirlerinin korunmas\u0131, \u015firketle\u015fme s\u00fcreci, yat\u0131r\u0131mc\u0131 ili\u015fkileri ve ticari s\u00f6zle\u015fmelerin g\u00fcvenli\u011fini sa\u011flamay\u0131 hedefler. Ayn\u0131 zamanda bili\u015fim hukuku, ticaret hukuku, vergi hukuku ve ki\u015fisel verilerin korunmas\u0131 gibi bir\u00e7ok alan\u0131 i\u00e7inde bar\u0131nd\u0131r\u0131r. Giri\u015fimcinin ihtiya\u00e7lar\u0131na g\u00f6re \u015fekillenen bu hukuki yap\u0131, ba\u015far\u0131l\u0131 bir&nbsp;startup\u2019\u0131n&nbsp;temelini olu\u015fturur.<\/p>\n\n\n\n<h2 class=\"wp-block-heading\">Giri\u015fimcili\u011fin Hukuki Geli\u015fim S\u00fcreci<\/h2>\n\n\n\n<p>Bir giri\u015fimin ilk ad\u0131m\u0131 olan fikir geli\u015ftirme a\u015famas\u0131ndan itibaren \u00e7e\u015fitli hukuki ihtiya\u00e7lar ortaya \u00e7\u0131kmaktad\u0131r. Bu fikirlerin ba\u015fkalar\u0131 taraf\u0131ndan taklit edilmesini engellemek amac\u0131yla fikri m\u00fclkiyet korumalar\u0131 devreye girer. Daha sonra fikir hayata ge\u00e7irildi\u011finde, s\u00f6zle\u015fmeler hukuku, i\u015f hukuku, KVKK ve ticaret hukuku gibi alanlar devreye girer. \u00d6zellikle&nbsp;<strong>startup<\/strong><strong>firmalar\u0131n hukuki durumlar\u0131<\/strong>&nbsp;faaliyette bulunacaklar\u0131 alana g\u00f6re farkl\u0131l\u0131k g\u00f6sterebilir. Bu nedenle s\u00fcreci ba\u015f\u0131ndan sonuna kadar planlayabilecek uzmanl\u0131kta bir hukuki destek gereklidir.<\/p>\n\n\n\n<h2 class=\"wp-block-heading\">Startup&nbsp;Avukat\u0131 Ne \u0130\u015f Yapar?<\/h2>\n\n\n\n<p><strong>Startup<\/strong><strong>&nbsp;avukat\u0131<\/strong>&nbsp;giri\u015fimcilerin kar\u015f\u0131la\u015fabilece\u011fi hukuki sorunlar\u0131n \u00f6n\u00fcne ge\u00e7ilmesini sa\u011flar ve yasal d\u00fczenlemelere uyum s\u00fcrecini y\u00fcr\u00fct\u00fcr. \u0130lk a\u015famada fikrin korunmas\u0131 i\u00e7in gerekli tescil i\u015flemleri ile ilgilenir sonras\u0131nda ise \u015firket kurulu\u015f a\u015famas\u0131nda en uygun yap\u0131n\u0131n se\u00e7ilmesi i\u00e7in dan\u0131\u015fmanl\u0131k sunar. Ayr\u0131ca yat\u0131r\u0131mc\u0131 s\u00f6zle\u015fmeleri, gizlilik s\u00f6zle\u015fmeleri, ortakl\u0131k protokolleri gibi belgeleri haz\u0131rlar. Ayn\u0131 zamanda&nbsp;<strong>startup<\/strong><strong>&nbsp;avukat\u0131 g\u00f6revleri<\/strong>&nbsp;hukuki risk analizi yapmak ileride do\u011fabilecek ihtilaflar\u0131 \u00f6nlemek ve&nbsp;startup\u2019\u0131n&nbsp;yasal geli\u015fimine rehberlik etmektir.<\/p>\n\n\n\n<h3 class=\"wp-block-heading\"><strong>Yeni Geli\u015ftirilen Fikirler Nas\u0131l Korunur?<\/strong><\/h3>\n\n\n\n<p>Her giri\u015fim \u00f6zg\u00fcn bir fikir \u00fczerine in\u015fa edilir. Bu fikirlerin ticari de\u011fere d\u00f6n\u00fc\u015ft\u00fcr\u00fclebilmesi i\u00e7in yasal olarak korunmalar\u0131 \u015fartt\u0131r. Bu noktada fikri m\u00fclkiyet hukuku devreye girer. Markala\u015fma, patent alma ya da faydal\u0131 model korumas\u0131 bu s\u00fcrecin temel unsurlar\u0131ndand\u0131r. Giri\u015fimciler geli\u015ftirdikleri \u00fcr\u00fcn ya da hizmetlerin ismini tescil ettirerek bu isimlerin ba\u015fka ki\u015filer taraf\u0131ndan kullan\u0131lmas\u0131n\u0131 \u00f6nleyebilir. Ayn\u0131 \u015fekilde bulu\u015f niteli\u011fi ta\u015f\u0131yan fikirlerin patentle korunmas\u0131 da m\u00fcmk\u00fcnd\u00fcr. Bu konular\u0131n do\u011fru y\u00fcr\u00fct\u00fclmesi&nbsp;<strong>startup<\/strong><strong>&nbsp;uzman avukat<\/strong>rehberli\u011finde ger\u00e7ekle\u015ftirilmelidir.<\/p>\n\n\n\n<h3 class=\"wp-block-heading\"><strong>Marka Tescili S\u00fcreci<\/strong><\/h3>\n\n\n\n<p>Marka bir i\u015fletmenin sundu\u011fu \u00fcr\u00fcn ya da hizmetleri di\u011ferlerinden ay\u0131ran en \u00f6nemli unsurlardan biridir. Tescil edilmemi\u015f bir marka \u00fc\u00e7\u00fcnc\u00fc ki\u015filer taraf\u0131ndan kolayca kullan\u0131labilir ve giri\u015fimcinin eme\u011fi&nbsp;suistimal&nbsp;edilebilir. Marka ba\u015fvurusu yap\u0131l\u0131rken \u015fekil ve i\u00e7erik a\u00e7\u0131s\u0131ndan gerekli incelemelerden ge\u00e7ilir. E\u011fer tescil i\u00e7in engel bir durum yoksa, ba\u015fvuru Resmi Marka B\u00fclteni\u2019nde yay\u0131mlan\u0131r ve \u00fc\u00e7\u00fcnc\u00fc ki\u015filere itiraz hakk\u0131 tan\u0131n\u0131r. Marka tesciliyle birlikte giri\u015fimcinin marka \u00fczerindeki tek yetkili ki\u015fi olma hakk\u0131 hukuken garanti alt\u0131na al\u0131nm\u0131\u015f olur.<\/p>\n\n\n\n<h3 class=\"wp-block-heading\">Patent ve Faydal\u0131 Model Korumas\u0131<\/h3>\n\n\n\n<p>Giri\u015fimcinin teknik bir yenilik geli\u015ftirmesi durumunda patent ya da faydal\u0131 model korumas\u0131na ba\u015fvurmas\u0131 gereklidir. Her fikir patente uygun de\u011fildir dolay\u0131s\u0131yla ba\u015fvurulmadan \u00f6nce teknik uygunluk analizleri yap\u0131lmal\u0131d\u0131r. Patent sistemi, bulu\u015f sahibine belirli bir s\u00fcre i\u00e7in m\u00fcnhas\u0131r haklar tan\u0131r. Faydal\u0131 model ise daha h\u0131zl\u0131 sonu\u00e7 al\u0131nabilecek bir y\u00f6ntem olarak \u00f6zellikle k\u00fc\u00e7\u00fck ve orta \u00f6l\u00e7ekli i\u015fletmeler i\u00e7in uygundur. Her iki durumda da tescil s\u00fcrecinin do\u011fru y\u00fcr\u00fct\u00fclmesi, giri\u015fimin hukuki dayan\u0131kl\u0131l\u0131\u011f\u0131n\u0131 art\u0131r\u0131r.<\/p>\n\n\n\n<h3 class=\"wp-block-heading\">\u015eirket Kurulu\u015fu ve Yap\u0131 Se\u00e7imi<\/h3>\n\n\n\n<p>Bir&nbsp;startup\u2019\u0131n&nbsp;\u015firketle\u015fmesi yaln\u0131zca bir ticari faaliyet de\u011fil ayn\u0131 zamanda hukuki bir sorumluluk anlam\u0131na gelir.&nbsp;<strong>Startup<\/strong><strong>&nbsp;firmalar\u0131n hukuksal durumu<\/strong>&nbsp;hangi \u015firket t\u00fcr\u00fcn\u00fcn tercih edildi\u011fine g\u00f6re de\u011fi\u015fir. T\u00fcrkiye\u2019de giri\u015fimciler&nbsp;limited&nbsp;ya da anonim \u015firket kurmay\u0131 tercih etmektedir. \u015eah\u0131s \u015firketleri ise esneklik sunsa da s\u0131n\u0131rs\u0131z sorumluluk nedeniyle risk ta\u015f\u0131r. Bu noktada&nbsp;giri\u015fimcinin uzun vadeli hedeflerine g\u00f6re \u015firket t\u00fcr\u00fc belirlenmelidir.<\/p>\n\n\n\n<h3 class=\"wp-block-heading\">Limited \u015eirketin Avantajlar\u0131 ve Dezavantajlar\u0131<\/h3>\n\n\n\n<p>Limited \u015firketler kurulu\u015f s\u00fcrecinde daha az masraf gerektirir ve prosed\u00fcrleri daha basittir. Ortaklar\u0131n \u015firket bor\u00e7lar\u0131na kar\u015f\u0131 sorumlulu\u011fu yaln\u0131zca koyduklar\u0131 sermaye ile s\u0131n\u0131rl\u0131d\u0131r. Ancak kamu alacaklar\u0131 s\u00f6z konusu oldu\u011funda bu koruma s\u0131n\u0131rl\u0131 olabilir. \u00d6rne\u011fin vergi bor\u00e7lar\u0131nda ortaklar hisseleri oran\u0131nda sorumlu tutulabilir. Bu durum giri\u015fimciler i\u00e7in risk olu\u015fturabilir. Bu nedenle kurulu\u015f a\u015famas\u0131nda hukuki dan\u0131\u015fmanl\u0131k al\u0131nmas\u0131 \u00f6nemlidir.<\/p>\n\n\n\n<h3 class=\"wp-block-heading\">Anonim \u015eirket ve Giri\u015fimciler A\u00e7\u0131s\u0131ndan \u00d6nemi<\/h3>\n\n\n\n<p>Anonim \u015firket kurmak daha y\u00fcksek maliyetli g\u00f6r\u00fcnse de yat\u0131r\u0131mc\u0131 \u00e7ekmek, hisse senedi basmak ve vergi avantajlar\u0131ndan yararlanmak a\u00e7\u0131s\u0131ndan daha elveri\u015flidir. Ortaklar\u0131n sorumlulu\u011fu daha da s\u0131n\u0131rl\u0131d\u0131r ve genellikle yat\u0131r\u0131mc\u0131lar anonim \u015firket yap\u0131s\u0131n\u0131 tercih eder. Bu nedenle b\u00fcy\u00fck \u00f6l\u00e7ekli b\u00fcy\u00fcme planlayan giri\u015fimler i\u00e7in anonim \u015firket kurmak daha mant\u0131kl\u0131 bir se\u00e7enektir.<\/p>\n\n\n\n<h2 class=\"wp-block-heading\">Startup&nbsp;Hukuku Kapsam\u0131nda S\u00f6zle\u015fme Y\u00f6netimi<\/h2>\n\n\n\n<p>Giri\u015fimlerde yap\u0131lan s\u00f6zle\u015fmeler, yat\u0131r\u0131mc\u0131lar, ortaklar, \u00e7al\u0131\u015fanlar ve \u00fc\u00e7\u00fcnc\u00fc taraflarla olan ili\u015fkileri d\u00fczenler. \u00d6zellikle gizlilik s\u00f6zle\u015fmeleri, rekabet yasa\u011f\u0131 s\u00f6zle\u015fmeleri, hisse devri protokolleri ve i\u015f s\u00f6zle\u015fmeleri dikkatle haz\u0131rlanmal\u0131d\u0131r. S\u00f6zle\u015fmelerde yap\u0131lacak bir hata, ileride ciddi hukuki sorunlara yol a\u00e7abilir. Bu nedenle s\u00f6zle\u015fme y\u00f6netimi s\u00fcreci mutlaka alan\u0131nda uzman bir hukuk\u00e7unun deste\u011fi ile y\u00fcr\u00fct\u00fclmelidir.<\/p>\n\n\n\n<h2 class=\"wp-block-heading\">Giri\u015fimcilikte Hukuki Altyap\u0131y\u0131 \u0130hmal Etmeyin<\/h2>\n\n\n\n<p>Startup&nbsp;d\u00fcnyas\u0131 sadece teknoloji ya da pazarlama stratejileriyle de\u011fil sa\u011flam bir hukuki altyap\u0131yla da ba\u015far\u0131ya ula\u015fabilir. \u00d6zellikle yat\u0131r\u0131m s\u00fcre\u00e7lerinde ve b\u00fcy\u00fcme d\u00f6nemlerinde yap\u0131lacak hukuki hatalar, giri\u015fimcinin emeklerini riske atabilir. Bu nedenle&nbsp;<strong>startup<\/strong><strong>&nbsp;avukat\u0131<\/strong>giri\u015fimin t\u00fcm geli\u015fim s\u00fcrecinde yol g\u00f6sterici bir rol \u00fcstlenir. Yasal d\u00fczenlemelere uyum, yat\u0131r\u0131mc\u0131 g\u00fcveni ve s\u00fcrd\u00fcr\u00fclebilir b\u00fcy\u00fcme i\u00e7in profesyonel bir hukuki destek al\u0131nmas\u0131 elzemdir.&nbsp;<strong>Startup<\/strong><strong>&nbsp;hukuku<\/strong>&nbsp;giri\u015fimcilerin sadece bug\u00fcn\u00fcn\u00fc de\u011fil gelece\u011fini de g\u00fcvence alt\u0131na al\u0131r.<\/p>\n\n\n\n<p><\/p>","protected":false},"excerpt":{"rendered":"<p>Giri\u015fimcilik ekosistemi, g\u00fcn\u00fcm\u00fczde h\u0131zla b\u00fcy\u00fcyen bir i\u015f modeli olarak \u00f6ne \u00e7\u0131kmaktad\u0131r. Bu b\u00fcy\u00fcme sadece ekonomik alanla s\u0131n\u0131rl\u0131 kalmamakta ayn\u0131 zamanda hukuki anlamda [&hellip;]<\/p>","protected":false},"author":1,"featured_media":0,"parent":0,"menu_order":0,"comment_status":"closed","ping_status":"closed","template":"","meta":{"footnotes":""},"class_list":["post-540","page","type-page","status-publish","hentry"],"_links":{"self":[{"href":"https:\/\/senadurulaw.com\/en\/wp-json\/wp\/v2\/pages\/540","targetHints":{"allow":["GET"]}}],"collection":[{"href":"https:\/\/senadurulaw.com\/en\/wp-json\/wp\/v2\/pages"}],"about":[{"href":"https:\/\/senadurulaw.com\/en\/wp-json\/wp\/v2\/types\/page"}],"author":[{"embeddable":true,"href":"https:\/\/senadurulaw.com\/en\/wp-json\/wp\/v2\/users\/1"}],"replies":[{"embeddable":true,"href":"https:\/\/senadurulaw.com\/en\/wp-json\/wp\/v2\/comments?post=540"}],"version-history":[{"count":1,"href":"https:\/\/senadurulaw.com\/en\/wp-json\/wp\/v2\/pages\/540\/revisions"}],"predecessor-version":[{"id":545,"href":"https:\/\/senadurulaw.com\/en\/wp-json\/wp\/v2\/pages\/540\/revisions\/545"}],"wp:attachment":[{"href":"https:\/\/senadurulaw.com\/en\/wp-json\/wp\/v2\/media?parent=540"}],"curies":[{"name":"wp","href":"https:\/\/api.w.org\/{rel}","templated":true}]}}