{"id":571,"date":"2025-07-14T10:32:30","date_gmt":"2025-07-14T07:32:30","guid":{"rendered":"https:\/\/senadurulaw.com\/?page_id=571"},"modified":"2025-07-14T10:32:30","modified_gmt":"2025-07-14T07:32:30","slug":"legaltech-dijital-hukuk-urunleri","status":"publish","type":"page","link":"https:\/\/senadurulaw.com\/en\/legaltech-dijital-hukuk-urunleri\/","title":{"rendered":"LegalTech \u2013 Dijital Hukuk \u00dcr\u00fcnleri"},"content":{"rendered":"<p class=\"s5\"><span class=\"s4\">LegalTech<\/span><span class=\"s4\"> nedir<\/span> sorusu son y\u0131llarda hukuk d\u00fcnyas\u0131n\u0131n en \u00e7ok merak edilen ba\u015fl\u0131klar\u0131ndan biri haline gelmi\u015ftir. Dijitalle\u015fmenin t\u00fcm sekt\u00f6rleri d\u00f6n\u00fc\u015ft\u00fcrd\u00fc\u011f\u00fc g\u00fcn\u00fcm\u00fczde, hukuk da bu de\u011fi\u015fime kay\u0131ts\u0131z kalmam\u0131\u015f; teknolojiyle birle\u015ferek yeni bir boyuta ta\u015f\u0131nm\u0131\u015ft\u0131r. Hukuki hizmetlerin teknolojiyle harmanlanmas\u0131 sonucunda ortaya \u00e7\u0131kan LegalTech kavram\u0131 sadece avukatl\u0131k b\u00fcrolar\u0131n\u0131n de\u011fil, ayn\u0131 zamanda \u015firketlerin i\u00e7 hukuk birimlerinin de \u00e7al\u0131\u015fma y\u00f6ntemlerini ba\u015ftan sona de\u011fi\u015ftirmektedir. Art\u0131k yaln\u0131zca mahkeme salonlar\u0131nda de\u011fil dijital ortamlarda da adaletin daha eri\u015filebilir verimli ve h\u0131zl\u0131 olmas\u0131 hedefleniyor.<\/p>\n<h2 class=\"s7\"><span class=\"s6\">LegalTech<\/span><span class=\"s6\"> Nedir ve Neden \u00d6nemlidir?<\/span><\/h2>\n<p class=\"s5\">LegalTech en yal\u0131n tan\u0131m\u0131yla hukuk alan\u0131nda dijital teknolojilerin kullan\u0131lmas\u0131d\u0131r. Daha detayl\u0131 bir anlat\u0131mla; hukuki s\u00fcre\u00e7lerin otomasyonu, karar verme destek sistemleri, belge analizi, s\u00f6zle\u015fme olu\u015fturma ve m\u00fc\u015fteri ileti\u015fimi gibi i\u015flemleri teknolojik \u00e7\u00f6z\u00fcmlerle ger\u00e7ekle\u015ftirme faaliyetlerinin b\u00fct\u00fcn\u00fcd\u00fcr. Bu sayede hem zaman hem de maliyet a\u00e7\u0131s\u0131ndan \u00f6nemli tasarruflar sa\u011flan\u0131rken hata oran\u0131 d\u00fc\u015fer ve daha etkin bir hukuk prati\u011fi m\u00fcmk\u00fcn hale gelir.<\/p>\n<p class=\"s5\">\u00d6zellikle <span class=\"s4\">hukuk otomasyon sistemleri<\/span> manuel y\u00fcr\u00fct\u00fclen bir\u00e7ok s\u00fcrecin dijital ortama ta\u015f\u0131nmas\u0131n\u0131 sa\u011flamaktad\u0131r. Avukatlar ya da \u015firket i\u00e7i hukuk\u00e7ular rutin belge i\u015fleriyle vakit kaybetmeden daha karma\u015f\u0131k analizlere zaman ay\u0131rabiliyor. B\u00f6ylece m\u00fcvekkil memnuniyeti artarken verimlilik de \u00fcst seviyelere \u00e7\u0131k\u0131yor.<\/p>\n<h2 class=\"s7\"><span class=\"s6\">Dijital Hukuk \u00c7\u00f6z\u00fcmleri Hangi Alanlarda Kullan\u0131l\u0131yor?<\/span><\/h2>\n<p class=\"s5\"><span class=\"s4\">Dijital hukuk \u00e7\u00f6z\u00fcmleri<\/span> \u00e7ok say\u0131da alanda farkl\u0131 i\u015flevlerle kar\u015f\u0131m\u0131za \u00e7\u0131kmaktad\u0131r. S\u00f6zle\u015fme olu\u015fturma ve y\u00f6netimi \u00a0(CLM), dava dosyalar\u0131n\u0131n takibi, hukuk b\u00fcrosu y\u00f6netimi, zaman takibi, dava tahmini, online g\u00f6r\u00fc\u015fme sistemleri ve belgelerin ak\u0131ll\u0131 ar\u015fivlenmesi gibi pek \u00e7ok \u00e7\u00f6z\u00fcm bu kapsama girer.<\/p>\n<p class=\"s5\">Yapay zek\u00e2 destekli sistemler hukuk\u00e7ulara yaln\u0131zca belge \u00fcretimiyle de\u011fil; ayn\u0131 zamanda karar destek hizmetiyle de yard\u0131mc\u0131 olmaktad\u0131r. \u00d6rne\u011fin benzer davalar\u0131n analizine dayanarak bir dava sonucunun olas\u0131l\u0131\u011f\u0131n\u0131 hesaplayan sistemler avukatlar\u0131n strateji belirleme s\u00fcrecini kolayla\u015ft\u0131r\u0131r. Ayn\u0131 \u015fekilde <span class=\"s4\">online hukuki dan\u0131\u015fmanl\u0131k<\/span> hizmetleri de teknolojinin sa\u011flad\u0131\u011f\u0131 avantajlarla daha eri\u015filebilir hale gelmi\u015ftir. Kullan\u0131c\u0131lar lokasyondan ba\u011f\u0131ms\u0131z olarak uzman g\u00f6r\u00fc\u015f\u00fcne ula\u015fabilmekte standart s\u00fcre\u00e7ler ise yaz\u0131l\u0131mlar \u00fczerinden otomatik y\u00f6netilebilmektedir.<\/p>\n<h2 class=\"s7\"><span class=\"s6\">Hukuk Teknolojileri Trendleri Nereye Gidiyor?<\/span><\/h2>\n<p class=\"s5\"><span class=\"s4\">Hukuk teknolojileri trendleri<\/span> yapay zek\u00e2, makine \u00f6\u011frenimi, b\u00fcy\u00fck veri analiti\u011fi ve bulut bili\u015fim gibi teknolojilerle \u015fekillenmektedir. Art\u0131k yaln\u0131zca veri saklama de\u011fil veriden anlaml\u0131 sonu\u00e7 \u00e7\u0131karma \u00fczerine geli\u015ftirilen LegalTech uygulamalar\u0131 dikkat \u00e7ekmektedir. 2025 sonunakadar hukuk departmanlar\u0131n\u0131n teknoloji yat\u0131r\u0131mlar\u0131n\u0131 \u00fc\u00e7 kat\u0131na \u00e7\u0131karmas\u0131 beklenmektedir.<\/p>\n<p class=\"s5\">Gartner ve Grand View Research gibi uluslararas\u0131 analiz kurulu\u015flar\u0131n\u0131n raporlar\u0131na g\u00f6re:<\/p>\n<div class=\"s9\"><span class=\"s8\">\u2022 <\/span>2023 y\u0131l\u0131 itibar\u0131yla LegalTech pazar\u0131n\u0131n 17 ila 23 milyar dolar aras\u0131nda b\u00fcy\u00fckl\u00fc\u011fe ula\u015faca\u011f\u0131 \u00f6ng\u00f6r\u00fclmektedir.<\/div>\n<div class=\"s9\"><span class=\"s8\">\u2022 <\/span>\u015eirket i\u00e7i hukuk b\u00f6l\u00fcmlerinde \u00e7al\u0131\u015fanlar\u0131n %20\u2019sinin, klasik avukatl\u0131k lisans\u0131na sahip olmayan, teknoloji alan\u0131nda uzman ki\u015filerle de\u011fi\u015ftirilece\u011fi beklenmektedir.<\/div>\n<div class=\"s9\"><span class=\"s8\">\u2022 <\/span>Kurumsal \u015firketlerin d\u00f6rt farkl\u0131 LegalTech yaz\u0131l\u0131m\u0131n\u0131 aktif olarak kullanaca\u011f\u0131 tahmin edilmektedir.<\/div>\n<p class=\"s5\">Bu tahminler, hukukun teknolojik d\u00f6n\u00fc\u015f\u00fcm\u00fcn\u00fcn ge\u00e7ici bir trend de\u011fil, kal\u0131c\u0131 bir de\u011fi\u015fim oldu\u011funu g\u00f6stermektedir. Bu noktada <span class=\"s4\">yapay <\/span><span class=\"s4\">zeka<\/span><span class=\"s4\"> destekli hukuk yaz\u0131l\u0131mlar\u0131<\/span> sekt\u00f6r\u00fcn itici g\u00fcc\u00fc olma \u00f6zelli\u011fi ta\u015f\u0131maktad\u0131r.<\/p>\n<h2 class=\"s7\"><span class=\"s6\">Avukatlar \u0130\u00e7in Dijital Ara\u00e7lar Nas\u0131l Avantaj Sa\u011fl\u0131yor?<\/span><\/h2>\n<p class=\"s5\">Geleneksel y\u00f6ntemlerle \u00e7al\u0131\u015fan hukuk ofislerinde belge haz\u0131rlama, evrak ar\u015fivleme, dava takibi gibi i\u015fler olduk\u00e7a zaman al\u0131c\u0131 olabilmektedir. Ancak <span class=\"s4\">avukatlar i\u00e7in dijital ara\u00e7lar<\/span> t\u00fcm bu s\u00fcre\u00e7leri otomatik hale getirerek ciddi bir verim art\u0131\u015f\u0131 sa\u011flar. Entegre dava takip sistemleri m\u00fcvekkil ili\u015fkileri y\u00f6netim ara\u00e7lar\u0131 dijital zamanlay\u0131c\u0131lar ve yapay zek\u00e2 destekli dok\u00fcman tarama yaz\u0131l\u0131mlar\u0131 hem bireysel avukatlar\u0131n hem de b\u00fcy\u00fck hukuk firmalar\u0131n\u0131n en b\u00fcy\u00fck yard\u0131mc\u0131lar\u0131d\u0131r.<\/p>\n<p class=\"s5\">Ayr\u0131ca hukuk ofisleri i\u00e7in geli\u015ftirilen bulut tabanl\u0131 \u00e7\u00f6z\u00fcmler sayesinde veriler yedeklenmekte farkl\u0131 cihazlardan ve lokasyonlardan eri\u015fim m\u00fcmk\u00fcn hale gelmektedir. Bu da \u00f6zellikle pandemi sonras\u0131 hibrit \u00e7al\u0131\u015fmaya ge\u00e7en hukuk birimleri i\u00e7in b\u00fcy\u00fck kolayl\u0131k sunmaktad\u0131r.<\/p>\n<h2 class=\"s7\"><span class=\"s6\">LegalTech<\/span><span class=\"s6\"> Hukukun Yeni Yol Haritas\u0131<\/span><span class=\"s6\"> Olmaya Aday<\/span><\/h2>\n<p class=\"s5\">LegalTech\u2019in geli\u015fimi yaln\u0131zca teknolojik bir de\u011fi\u015fim de\u011fil; ayn\u0131 zamanda k\u00fclt\u00fcrel bir d\u00f6n\u00fc\u015f\u00fcmd\u00fcr. Hukukun klasik y\u00f6ntemlerle y\u00fcr\u00fct\u00fcld\u00fc\u011f\u00fc d\u00f6nem sona ermekte yerine teknolojiyi etkin kullanan, veriye dayal\u0131, h\u0131zl\u0131 ve \u015feffaf \u00e7\u00f6z\u00fcmlerle ilerleyen bir hukuk anlay\u0131\u015f\u0131 gelmektedir. Bu d\u00f6n\u00fc\u015f\u00fcmde yer almak isteyen hukuk\u00e7ular\u0131n, dijitalle\u015fmeye a\u00e7\u0131k olmas\u0131, teknolojiyi bir tehdit de\u011fil bir f\u0131rsat olarak g\u00f6rmesi gerekmektedir.<\/p>\n<p class=\"s5\"><span class=\"s4\">LegalTech<\/span> \u00f6n\u00fcm\u00fczdeki y\u0131llarda yaln\u0131zca b\u00fcy\u00fck firmalar\u0131n de\u011fil orta ve k\u00fc\u00e7\u00fck \u00f6l\u00e7ekli hukuk ofislerinin de vazge\u00e7ilmezi haline gelecektir. S\u00fcre\u00e7leri dijitalle\u015ftiren, dan\u0131\u015fmanl\u0131k hizmetlerini \u00e7evrim i\u00e7i sunan, s\u00f6zle\u015fmeleri otomatik haz\u0131rlayan ve veri g\u00fcvenli\u011fini sa\u011flayan sistemler sayesinde hem hizmet kalitesi artacak hem de hukuk daha ula\u015f\u0131labilir hale gelecektir. Bu ba\u011flamda <span class=\"s4\">LegalTech<\/span><span class=\"s4\"> nedir<\/span> sorusunun yan\u0131t\u0131 art\u0131k sadece bir tan\u0131m de\u011fil; t\u00fcm hukuk d\u00fcnyas\u0131 i\u00e7in stratejik bir y\u00f6nlendirme arac\u0131d\u0131r.<\/p>","protected":false},"excerpt":{"rendered":"<p>LegalTech nedir sorusu son y\u0131llarda hukuk d\u00fcnyas\u0131n\u0131n en \u00e7ok merak edilen ba\u015fl\u0131klar\u0131ndan biri haline gelmi\u015ftir. Dijitalle\u015fmenin t\u00fcm sekt\u00f6rleri d\u00f6n\u00fc\u015ft\u00fcrd\u00fc\u011f\u00fc g\u00fcn\u00fcm\u00fczde, hukuk da [&hellip;]<\/p>","protected":false},"author":1,"featured_media":0,"parent":0,"menu_order":0,"comment_status":"closed","ping_status":"closed","template":"","meta":{"footnotes":""},"class_list":["post-571","page","type-page","status-publish","hentry"],"_links":{"self":[{"href":"https:\/\/senadurulaw.com\/en\/wp-json\/wp\/v2\/pages\/571","targetHints":{"allow":["GET"]}}],"collection":[{"href":"https:\/\/senadurulaw.com\/en\/wp-json\/wp\/v2\/pages"}],"about":[{"href":"https:\/\/senadurulaw.com\/en\/wp-json\/wp\/v2\/types\/page"}],"author":[{"embeddable":true,"href":"https:\/\/senadurulaw.com\/en\/wp-json\/wp\/v2\/users\/1"}],"replies":[{"embeddable":true,"href":"https:\/\/senadurulaw.com\/en\/wp-json\/wp\/v2\/comments?post=571"}],"version-history":[{"count":1,"href":"https:\/\/senadurulaw.com\/en\/wp-json\/wp\/v2\/pages\/571\/revisions"}],"predecessor-version":[{"id":572,"href":"https:\/\/senadurulaw.com\/en\/wp-json\/wp\/v2\/pages\/571\/revisions\/572"}],"wp:attachment":[{"href":"https:\/\/senadurulaw.com\/en\/wp-json\/wp\/v2\/media?parent=571"}],"curies":[{"name":"wp","href":"https:\/\/api.w.org\/{rel}","templated":true}]}}