{"id":573,"date":"2025-07-14T10:36:41","date_gmt":"2025-07-14T07:36:41","guid":{"rendered":"https:\/\/senadurulaw.com\/?page_id=573"},"modified":"2025-07-14T10:36:41","modified_gmt":"2025-07-14T07:36:41","slug":"web3-projeleri-hukuki-danismanlik","status":"publish","type":"page","link":"https:\/\/senadurulaw.com\/en\/web3-projeleri-hukuki-danismanlik\/","title":{"rendered":"Web3 Projeleri Hukuki Dan\u0131\u015fmanl\u0131k"},"content":{"rendered":"<p>G\u00fcn\u00fcm\u00fczde blokzincir teknolojisinin yayg\u0131nla\u015fmas\u0131yla birlikte merkeziyetsiz yap\u0131larla \u00e7al\u0131\u015fan pek \u00e7ok giri\u015fim hayat\u0131m\u0131za girmi\u015ftir. DeFi, GameFi, SocialFi, NFT projeleri ve di\u011fer Web3 giri\u015fimleri yaln\u0131zca teknik de\u011fil ayn\u0131 zamanda hukuki a\u00e7\u0131dan da yeni bir d\u00f6nemin habercisidir. Bu noktada kar\u015f\u0131m\u0131za \u00e7\u0131kan \u00f6nemli bir kavram da Web3 hukuku nedirsorusudur. Web3 projeleri, teknolojik ba\u011f\u0131ms\u0131zl\u0131k ve kullan\u0131c\u0131 odakl\u0131 mimarileriyle dikkat \u00e7ekerken yasal \u00e7er\u00e7evede baz\u0131 kritik d\u00fczenlemelere tabi tutulmak zorundad\u0131r. \u00c7\u00fcnk\u00fc her teknolojik yenilik beraberinde hukuki kar\u015f\u0131l\u0131klar\u0131n\u0131 da do\u011furur.<\/p>\n<h2>DApp\u2019ler Ger\u00e7ekten Yasal Sorumluluktan Muaf m\u0131?<\/h2>\n<p>Web3 giri\u015fimleri genellikle merkeziyetsiz uygulamalar (DApp) \u00fczerinden ilerler. Bu uygulamalar ak\u0131ll\u0131 s\u00f6zle\u015fmelerle programlan\u0131r ve genellikle Ethereum, Solana gibi a\u011flarda \u00f6zerk \u015fekilde \u00e7al\u0131\u015f\u0131r. Teknik olarak kurucusu y\u00f6neticisi olmayan sistemlerdir. Ancak hukuk d\u00fcnyas\u0131nda hi\u00e7bir \u015fey tamamen ba\u011f\u0131ms\u0131z de\u011fildir. Her dijital yap\u0131, ger\u00e7ek d\u00fcnyada bir etki yarat\u0131r ve bu etkinin de yasal bir zemini olmal\u0131d\u0131r.<br \/>\nAk\u0131ll\u0131 s\u00f6zle\u015fme hukuku bu noktada devreye girer. Otomatik \u00e7al\u0131\u015fan de\u011fi\u015ftirilmesi zor olan bu s\u00f6zle\u015fmelerin i\u00e7erdi\u011fi y\u00fck\u00fcml\u00fcl\u00fckler taraflar\u0131n r\u0131zas\u0131 ve i\u015flem g\u00fcvenli\u011fi gibi konular hukuk normlar\u0131na uygun olmak zorundad\u0131r. \u00d6zellikle token ihra\u00e7lar\u0131, likidite havuzu i\u015flemleri, staking modelleri gibi fonksiyonlar hem finansal hem de s\u00f6zle\u015fmesel d\u00fczeyde ciddi denetim gerektirir.<\/p>\n<h2>Web3 Projelerinin Neden Yasal Bir Zemin Kurmas\u0131 Gerekir?<\/h2>\n<p>Web3 giri\u015fimcileri genellikle \u201cbiz merkeziyetsiziz, yasalar bizi ba\u011flamaz\u201d gibi hatal\u0131 varsay\u0131mlarda bulunabilir. Oysa her DApp projesi kullan\u0131c\u0131 aray\u00fcz\u00fc \u00fczerinden etkile\u015fime girer. Web siteleri, mobil uygulamalar veya taray\u0131c\u0131 eklentileri gibi bile\u015fenler kullan\u0131c\u0131yla temas eder ve burada Web3 projelerinde yasal uyumluluk zorunlulu\u011fu do\u011far.<br \/>\nBununla birlikte bu projelerin kullan\u0131c\u0131dan veri toplamas\u0131, i\u015flem ger\u00e7ekle\u015ftirmesi, para veya token transfer etmesi onlar\u0131 kripto para reg\u00fclasyonlar\u0131 ile do\u011frudan ili\u015fkilendirir. Fiyat ba\u011flant\u0131l\u0131 i\u015flemler i\u00e7in \u00f6deme altyap\u0131lar\u0131na entegrasyon fon toplama s\u00fcre\u00e7lerinde SAFT gibi yat\u0131r\u0131m s\u00f6zle\u015fmeleri, token listeleme \u00f6ncesi al\u0131nmas\u0131 gereken hukuki g\u00f6r\u00fc\u015fler t\u00fcm bu s\u00fcreci yap\u0131land\u0131rmay\u0131 gerektirir.<br \/>\nKurucular, yat\u0131r\u0131mc\u0131lar, geli\u015ftiriciler ve DAO \u00fcyeleri aras\u0131nda net bir sorumluluk ayr\u0131m\u0131 yap\u0131lmazsa; ileride hukuki, finansal ve cezai sorunlarla kar\u015f\u0131la\u015fmak ka\u00e7\u0131n\u0131lmazd\u0131r.<\/p>\n<h2>Web3 Yap\u0131lar\u0131nda Kullan\u0131lan \u015eirket Modelleri<\/h2>\n<p>Web3 giri\u015fimleri teknik olarak merkeziyetsiz olsa da ger\u00e7ek d\u00fcnyayla ba\u011flant\u0131 kurabilmeleri i\u00e7in hukuki ki\u015filiklere ihtiya\u00e7 duyar. Bu nedenle \u00fc\u00e7 ana \u015firket t\u00fcr\u00fc kullan\u0131l\u0131r:<br \/>\n\u2022 Geli\u015ftirme \u015eirketi (Cost Center): Yaz\u0131l\u0131m geli\u015ftirme, personel \u00f6demeleri, lisans giderleri ve IP haklar\u0131n\u0131n korunmas\u0131 gibi temel operasyonlar\u0131 y\u00fcr\u00fct\u00fcr.<br \/>\n\u2022 Token Da\u011f\u0131t\u0131m \u015eirketi: Token ihra\u00e7 eder yat\u0131r\u0131mc\u0131 ve kullan\u0131c\u0131ya da\u011f\u0131t\u0131m\u0131n\u0131 \u00fcstlenir. Bu \u015firket ayn\u0131 zamanda fon toplama s\u00f6zle\u015fmeleri ve token listeleme s\u00fcre\u00e7lerinden de sorumludur.<br \/>\n\u2022 DAO Tabanl\u0131 \u015eirket: Merkeziyetsiz y\u00f6netimi temsil eden DAO\u2019lar\u0131n t\u00fczel kar\u015f\u0131l\u0131\u011f\u0131d\u0131r. DAO \u00fcyelerinin yasal sorumluluklar\u0131n\u0131 s\u0131n\u0131rland\u0131rmak ve KYC-AML gibi y\u00fck\u00fcml\u00fcl\u00fckleri yerine getirmek amac\u0131yla kurulur.<br \/>\nBu \u00fc\u00e7 yap\u0131 bazen tek bir t\u00fczel ki\u015filik \u00e7at\u0131s\u0131 alt\u0131nda birle\u015febilir bazen de farkl\u0131 \u00fclkelerde, farkl\u0131 reg\u00fclasyonlar alt\u0131nda ayr\u0131 ayr\u0131 konumland\u0131r\u0131labilir. Bu stratejik da\u011f\u0131l\u0131m hukuki sorumluluklar\u0131n minimize edilmesinde olduk\u00e7a etkilidir.<\/p>\n<h2>DAO\u2019lar\u0131n Hukuki Konumland\u0131r\u0131lmas\u0131<\/h2>\n<p>Merkeziyetsiz Otonom Organizasyonlar (DAO) Web3\u2019\u00fcn temel yap\u0131ta\u015flar\u0131ndan biridir. Fakat teknik olarak ak\u0131ll\u0131 s\u00f6zle\u015fmelerle \u00e7al\u0131\u015fan bu yap\u0131lar, hukuk kar\u015f\u0131s\u0131nda g\u00f6rmezden gelinemez. \u00c7\u00fcnk\u00fc DAO\u2019lar kaynak toplar, fon aktar\u0131r, oy kullanma sistemine dayan\u0131r ve \u00fcyelerine mali avantajlar sunar.<br \/>\nDAO yasal durumu DAO \u00fcyelerinin ki\u015fisel sorumluluklar\u0131n\u0131 s\u0131n\u0131rlamak ve fon i\u015flemlerini yasal g\u00fcvenceye almak ad\u0131na bir t\u00fczel yap\u0131 gerektirir. Bu yap\u0131 sayesinde;<br \/>\n\u2022 DAO \u00fcyeleri vergisel y\u00fck\u00fcml\u00fcl\u00fcklerden bireysel olarak korunur.<br \/>\n\u2022 Fon transferleri yasal s\u0131n\u0131rlar i\u00e7erisinde ger\u00e7ekle\u015ftirilir.<br \/>\n\u2022 Ak\u0131ll\u0131 s\u00f6zle\u015fme faaliyetleri yasal zemine oturtulur.<br \/>\nAyr\u0131ca DAO\u2019nun AML (Anti-Money Laundering) ve KYC (Know Your Customer) s\u00fcre\u00e7lerine uygunluk g\u00f6stermesi gerekir. Bu da yaln\u0131zca s\u00f6zle\u015fmelerle de\u011fil denetlenebilir yap\u0131larla m\u00fcmk\u00fcn olur.<\/p>\n<h2>NFT ve Di\u011fer Web3 Varl\u0131klar\u0131nda Hukuki Sorumluluklar<\/h2>\n<p>NFT platformlar\u0131 ba\u015fta olmak \u00fczere yarat\u0131c\u0131 ekonomi projeleri de hukuki kar\u015f\u0131l\u0131klardan ba\u011f\u0131ms\u0131z de\u011fildir. Her NFT asl\u0131nda dijital bir varl\u0131kt\u0131r ve baz\u0131 durumlarda telif hakk\u0131, sat\u0131\u015f s\u00f6zle\u015fmesi, veri gizlili\u011fi gibi y\u00fck\u00fcml\u00fcl\u00fckleri beraberinde getirir. Bu nedenle NFT hukuki sorumluluklar yaln\u0131zca teknik altyap\u0131ya de\u011fil; kullan\u0131c\u0131 deneyimi ve i\u00e7erik y\u00f6netimi politikalar\u0131na da yans\u0131r.<br \/>\nWeb3 projelerinin telif ihlalleri, i\u00e7erik manip\u00fclasyonlar\u0131, siber sald\u0131r\u0131lar, kullan\u0131c\u0131 verilerinin korunmas\u0131 gibi bir\u00e7ok konuda risk ta\u015f\u0131d\u0131\u011f\u0131n\u0131 unutmamak gerekir. Bu y\u00fczden NFT projeleri dahil her Web3 giri\u015fimi i\u00e7erik sahipli\u011fi, veri g\u00fcvenli\u011fi ve kullan\u0131c\u0131 onay\u0131 gibi ba\u015fl\u0131klar\u0131 hukuki a\u00e7\u0131dan titizlikle de\u011ferlendirmelidir.<\/p>\n<h2>Blokzincir ve Hukuk Aras\u0131ndaki Ba\u011flant\u0131 Nedir?<\/h2>\n<p>Blokzincir teknik olarak m\u00fcdahalesiz bir kay\u0131t sistemi sunsa da blokzincir ve hukuk aras\u0131nda sa\u011flam bir ba\u011f kurulmas\u0131 gerekmektedir. \u00c7\u00fcnk\u00fc:<br \/>\n\u2022 Borsalar, launchpad\u2019ler, yat\u0131r\u0131mc\u0131lar ve \u00f6deme sa\u011flay\u0131c\u0131lar gibi d\u0131\u015f akt\u00f6rler yasal belgeler talep eder.<br \/>\n\u2022 Her i\u015flemde ger\u00e7ek d\u00fcnyadaki yasal d\u00fczenlemelere uyum gereklidir.<br \/>\n\u2022 Yat\u0131r\u0131mc\u0131n\u0131n, geli\u015ftiricinin, kullan\u0131c\u0131lar\u0131n g\u00fcvenli\u011fini sa\u011flayan yeg\u00e2ne unsur, hukuki zemindir.<br \/>\n\u0130yi planlanmam\u0131\u015f bir hukuki yap\u0131 sadece proje sahipleri i\u00e7in de\u011fil; t\u00fcm ekosistem i\u00e7in risk ta\u015f\u0131r. Bu y\u00fczden erken a\u015famada do\u011fru \u00fclkede do\u011fru yap\u0131land\u0131rma ile kurulacak \u015firketle\u015fme modeli projeyi ileriye ta\u015f\u0131r.<\/p>\n<h2>Web3 \u0130\u00e7in Hukuki Altyap\u0131y\u0131 \u0130hmal Etmeyin<\/h2>\n<p>Merkeziyetsiz mimariye sahip Web3 projeleri teknik \u00fcst\u00fcnl\u00fckleri kadar yasal dayan\u0131kl\u0131l\u0131klar\u0131yla da de\u011ferlendirilmelidir. Kurucular\u0131n bu yap\u0131lar\u0131 \u201creg\u00fclasyon d\u0131\u015f\u0131\u201d olarak g\u00f6rmesi b\u00fcy\u00fck bir yan\u0131lg\u0131 olur. Tersine en ba\u015far\u0131l\u0131 Web3 giri\u015fimleri, hem teknik hem de hukuki olarak sa\u011flam temellere oturtulmu\u015f olanlard\u0131r.<br \/>\nWeb3 hukuku nedir sorusunu yaln\u0131zca tan\u0131msal de\u011fil i\u015flevsel olarak yan\u0131tlamak gerekir. Bu hukuk dal\u0131 ak\u0131ll\u0131 s\u00f6zle\u015fmelerden NFT\u2019ye, DAO\u2019lardan kripto yat\u0131r\u0131mlara kadar uzanan geni\u015f bir alan\u0131 kapsar. Her projenin \u00f6l\u00e7e\u011fi farkl\u0131 olsa da yasal \u00e7er\u00e7evenin ihmal edilmesi ciddi sonu\u00e7lar do\u011furabilir. Bu y\u00fczden Web3 projeleri i\u00e7in alan\u0131nda uzmanl\u0131k g\u00f6steren avukat ile \u00e7al\u0131\u015fmak b\u00fcy\u00fck \u00f6nem ta\u015f\u0131maktad\u0131r.<\/p>","protected":false},"excerpt":{"rendered":"<p>G\u00fcn\u00fcm\u00fczde blokzincir teknolojisinin yayg\u0131nla\u015fmas\u0131yla birlikte merkeziyetsiz yap\u0131larla \u00e7al\u0131\u015fan pek \u00e7ok giri\u015fim hayat\u0131m\u0131za girmi\u015ftir. DeFi, GameFi, SocialFi, NFT projeleri ve di\u011fer Web3 giri\u015fimleri [&hellip;]<\/p>","protected":false},"author":1,"featured_media":0,"parent":0,"menu_order":0,"comment_status":"closed","ping_status":"closed","template":"","meta":{"footnotes":""},"class_list":["post-573","page","type-page","status-publish","hentry"],"_links":{"self":[{"href":"https:\/\/senadurulaw.com\/en\/wp-json\/wp\/v2\/pages\/573","targetHints":{"allow":["GET"]}}],"collection":[{"href":"https:\/\/senadurulaw.com\/en\/wp-json\/wp\/v2\/pages"}],"about":[{"href":"https:\/\/senadurulaw.com\/en\/wp-json\/wp\/v2\/types\/page"}],"author":[{"embeddable":true,"href":"https:\/\/senadurulaw.com\/en\/wp-json\/wp\/v2\/users\/1"}],"replies":[{"embeddable":true,"href":"https:\/\/senadurulaw.com\/en\/wp-json\/wp\/v2\/comments?post=573"}],"version-history":[{"count":2,"href":"https:\/\/senadurulaw.com\/en\/wp-json\/wp\/v2\/pages\/573\/revisions"}],"predecessor-version":[{"id":575,"href":"https:\/\/senadurulaw.com\/en\/wp-json\/wp\/v2\/pages\/573\/revisions\/575"}],"wp:attachment":[{"href":"https:\/\/senadurulaw.com\/en\/wp-json\/wp\/v2\/media?parent=573"}],"curies":[{"name":"wp","href":"https:\/\/api.w.org\/{rel}","templated":true}]}}