{"id":579,"date":"2025-07-14T10:46:29","date_gmt":"2025-07-14T07:46:29","guid":{"rendered":"https:\/\/senadurulaw.com\/?page_id=579"},"modified":"2025-07-14T10:46:29","modified_gmt":"2025-07-14T07:46:29","slug":"e-ticaret-hukuku","status":"publish","type":"page","link":"https:\/\/senadurulaw.com\/en\/e-ticaret-hukuku\/","title":{"rendered":"E-Ticaret Hukuku"},"content":{"rendered":"<p>Dijitalle\u015fmenin her ge\u00e7en g\u00fcn h\u0131z kazand\u0131\u011f\u0131 \u00e7a\u011f\u0131m\u0131zda, yaln\u0131zca sat\u0131\u015f yapmak yeterli olmamaktad\u0131r. Art\u0131k hem m\u00fc\u015fterinin g\u00fcvenini kazanmak hem de yasal sorumluluklardan ka\u00e7\u0131nmak i\u00e7in e-ticaret hukuku alan\u0131nda bilgi sahibi olmak ka\u00e7\u0131n\u0131lmazd\u0131r. G\u00fcn\u00fcm\u00fczde e-ticaret yapan bireyler ya da kurumlar, sadece \u00fcr\u00fcn ve hizmet sunmaz; ayn\u0131 zamanda ki\u015fisel verileri i\u015fler, elektronik s\u00f6zle\u015fmeler d\u00fczenler ve \u00e7e\u015fitli hukuki s\u00fcre\u00e7leri de y\u00fcr\u00fctmek zorunda kal\u0131r. Bu nedenle hukuka uyum, ticari ba\u015far\u0131 kadar kritik bir unsura d\u00f6n\u00fc\u015fm\u00fc\u015ft\u00fcr.<\/p>\n<h2>E-Ticaretin Hukuksal Boyutu Neden \u00d6nemlidir?<\/h2>\n<p>Eticaret hukuksal boyutu yaln\u0131zca b\u00fcy\u00fck markalar\u0131 de\u011fil sosyal medya \u00fczerinden sat\u0131\u015f yapan k\u00fc\u00e7\u00fck giri\u015fimleri dahi ilgilendiren geni\u015f kapsaml\u0131 bir aland\u0131r. Fiziksel ma\u011faza yerine sanal ortamda faaliyet y\u00fcr\u00fctmenin getirdi\u011fi sorumluluklar t\u00fcketicinin korunmas\u0131ndan veri g\u00fcvenli\u011fine kadar uzan\u0131r. Dolay\u0131s\u0131yla internet \u00fczerinden yap\u0131lan her al\u0131\u015fveri\u015f, ayn\u0131 zamanda bir hukuki i\u015flem niteli\u011findedir.<\/p>\n<p>Etik, \u015feffaf ve yasal bir zeminde ticaret yapmak, kullan\u0131c\u0131 g\u00fcveni yaratman\u0131n ilk ad\u0131m\u0131d\u0131r. Zira g\u00fcn\u00fcm\u00fczde internet al\u0131\u015fveri\u015fleri yaln\u0131zca h\u0131z ve kolayl\u0131kla de\u011fil ayn\u0131 zamanda g\u00fcven alg\u0131s\u0131yla da \u015fekillenmektedir. Bu nedenle e-ticaret yapan ki\u015fi veya kurulu\u015flar\u0131n yasal mevzuatlar\u0131 yak\u0131ndan takip etmesi site altyap\u0131lar\u0131n\u0131 buna g\u00f6re in\u015fa etmeleri ve gerekti\u011finde profesyonel destek almalar\u0131 gerekmektedir.<\/p>\n<h2>E-Ticarette Hukuki D\u00fczenlemeler Nelerdir?<\/h2>\n<p>E-ticarette hukuki d\u00fczenlemeler nelerdir sorusuna verilecek yan\u0131t birka\u00e7 temel yasa ve y\u00f6netmelik \u00e7er\u00e7evesinde toplanabilir. T\u00fcrkiye&#8217;de e-ticaretin yasal altyap\u0131s\u0131 \u00e7e\u015fitli mevzuatlarla sa\u011flanm\u0131\u015ft\u0131r. Bunlar\u0131n ba\u015fl\u0131calar\u0131 \u015funlard\u0131r:<\/p>\n<p>\u2022 6563 say\u0131l\u0131 Elektronik Ticaretin D\u00fczenlenmesi Hakk\u0131nda Kanun (ETK)<br \/>\n\u2022 6502 say\u0131l\u0131 T\u00fcketicinin Korunmas\u0131 Hakk\u0131nda Kanun<br \/>\n\u2022 6102 say\u0131l\u0131 T\u00fcrk Ticaret Kanunu (TTK)<br \/>\n\u2022 Mesafeli S\u00f6zle\u015fmeler Y\u00f6netmeli\u011fi<br \/>\n\u2022 6698 say\u0131l\u0131 Ki\u015fisel Verilerin Korunmas\u0131 Kanunu (KVKK)<br \/>\n\u2022 213 say\u0131l\u0131 Vergi Usul Kanunu kapsam\u0131nda e-Tebligat ve e-Ar\u015fiv d\u00fczenlemeleri<br \/>\nT\u00fcm bu d\u00fczenlemeler ticari i\u015flemlerde hem i\u015fletmenin hem de t\u00fcketicinin haklar\u0131n\u0131 g\u00fcvence alt\u0131na almay\u0131 ama\u00e7lar. \u00d6rne\u011fin kullan\u0131c\u0131dan al\u0131nan verilerin KVKK kapsam\u0131nda i\u015flenmesi gerekti\u011fi gibi ticari iletiler de yaln\u0131zca \u00f6nceden onay al\u0131narak g\u00f6nderilmelidir. B\u00f6ylece e-ticaret faaliyetleri g\u00fcvenli ve s\u00fcrd\u00fcr\u00fclebilir hale gelir.<\/p>\n<p>E-Ticaret Mevzuat\u0131 Kapsam\u0131nda Zorunlu Belgeler<\/p>\n<p>E-ticaret mevzuat\u0131 \u00e7evrim i\u00e7i sat\u0131\u015f yapan t\u00fcm i\u015fletmelere birtak\u0131m belgeleri ve hukuki i\u00e7erikleri zorunlu k\u0131lar. Bu belgelerin eksikli\u011fi durumunda para cezas\u0131 ve idari yapt\u0131r\u0131mlarla kar\u015f\u0131la\u015fmak m\u00fcmk\u00fcnd\u00fcr. Her e-ticaret sitesinde yer almas\u0131 gereken temel hukuki metinler:<\/p>\n<p>\u2022 Mesafeli Sat\u0131\u015f S\u00f6zle\u015fmesi: T\u00fcketici ile i\u015fletme aras\u0131nda sat\u0131\u015f \u00f6ncesi onaylanan hukuki metindir.<br \/>\n\u2022 Gizlilik Politikas\u0131: KVKK gere\u011fi, kullan\u0131c\u0131 verilerinin nas\u0131l i\u015flendi\u011fini a\u00e7\u0131klayan belgedir.<br \/>\n\u2022 \u00c7erez Politikas\u0131: Ziyaret\u00e7ilerin taray\u0131c\u0131lar\u0131na b\u0131rak\u0131lan \u00e7erezlerin amac\u0131 ve kontrol\u00fc hakk\u0131nda bilgi verir.<br \/>\n\u2022 Ayd\u0131nlatma Metni ve A\u00e7\u0131k R\u0131za Formu: Ki\u015fisel verilerin toplanmas\u0131na dair kullan\u0131c\u0131 bilgilendirmesi ve onay\u0131 sa\u011flar.<br \/>\n\u2022 Kullan\u0131m \u015eartlar\u0131: Web sitesinin genel kullan\u0131m kurallar\u0131n\u0131 ve yasal uyar\u0131lar\u0131n\u0131 i\u00e7erir.<br \/>\n\u2022 \u00d6n Bilgilendirme Formu: Sat\u0131\u015f \u00f6ncesi fiyat, iade s\u00fcresi, kargo gibi bilgileri i\u00e7erir.<br \/>\nBu belgeler yaln\u0131zca mevzuat gere\u011fi de\u011fil ayn\u0131 zamanda kullan\u0131c\u0131 g\u00fcveni a\u00e7\u0131s\u0131ndan da son derece \u00f6nemlidir. \u00d6zellikle sat\u0131\u015f \u00f6ncesi \u015feffaf bilgi sunulmas\u0131 ve sonras\u0131nda cayma hakk\u0131 tan\u0131nmas\u0131, t\u00fcketicinin siteye olan ba\u011fl\u0131l\u0131\u011f\u0131n\u0131 art\u0131rmaktad\u0131r.<\/p>\n<h2>E-Ticaret Belgesi Nereden Al\u0131n\u0131r?<\/h2>\n<p>Yeni ba\u015flayan giri\u015fimcilerin en s\u0131k sordu\u011fu sorulardan biri de e-ticaret belgesi nereden al\u0131n\u0131r sorusudur. Asl\u0131nda e-ticaret i\u00e7in \u00f6zel bir \u201csertifika\u201d de\u011fil bir dizi kay\u0131t ve ba\u015fvuru s\u00fcreci vard\u0131r. Bu s\u00fcre\u00e7ler \u015fu \u015fekildedir:<\/p>\n<p>\u2022 Vergi kayd\u0131 olu\u015fturulmas\u0131 (\u015fah\u0131s ya da \u015firket \u00fczerinden)<br \/>\n\u2022 G\u0130B\u2019e elektronik fatura ve e-ar\u015fiv kullan\u0131m\u0131 i\u00e7in ba\u015fvuru yap\u0131lmas\u0131<br \/>\n\u2022 ETB\u0130S (Elektronik Ticaret Bilgi Sistemi) kayd\u0131n\u0131n yap\u0131lmas\u0131<br \/>\n\u2022 Ticari \u0130leti Y\u00f6netim Sistemi (\u0130YS) \u00fczerinden ticari mesaj izinlerinin tan\u0131mlanmas\u0131<br \/>\n\u2022 VERB\u0130S kayd\u0131, e\u011fer y\u0131ll\u0131k \u00e7al\u0131\u015fan say\u0131s\u0131 veya veri i\u015fleme kapasitesi belirli s\u0131n\u0131rlar\u0131 a\u015f\u0131yorsa<br \/>\nBu i\u015flemler, i\u015fletmenin resmi olarak e-ticaret yapabilmesi ve denetimlere kar\u015f\u0131 y\u00fck\u00fcml\u00fcl\u00fcklerini yerine getirmesi i\u00e7in \u00f6nem ta\u015f\u0131r. Ayr\u0131ca belirli i\u015f hacmini a\u015fan i\u015fletmeler i\u00e7in e-ticaret KEP zorunlulu\u011fu (kay\u0131tl\u0131 elektronik posta) da s\u00f6z konusu olabilir.<\/p>\n<h2>E-Ticaret Hukukunda S\u0131k Yap\u0131lan Hatalar<\/h2>\n<p>Bir\u00e7ok e-ticaret i\u015fletmesi zaman ve maliyetten tasarruf etmek ad\u0131na baz\u0131 hukuki s\u00fcre\u00e7leri g\u00f6z ard\u0131 edebilmektedir. Ancak bu durum, sonras\u0131nda ciddi cezalara veya m\u00fc\u015fteri kayb\u0131na yol a\u00e7abilir. En s\u0131k kar\u015f\u0131la\u015f\u0131lan hatalardan baz\u0131lar\u0131:<\/p>\n<p>\u2022 \u0130nternetten indirilen haz\u0131r s\u00f6zle\u015fmelerin birebir kullan\u0131lmas\u0131<br \/>\n\u2022 \u00c7erez ve gizlilik politikalar\u0131n\u0131n g\u00f6r\u00fcn\u00fcr olmamas\u0131<br \/>\n\u2022 KVKK uyumunun yaln\u0131zca formalite olarak g\u00f6r\u00fclmesi<br \/>\n\u2022 Cayma hakk\u0131n\u0131n hukuka ayk\u0131r\u0131 \u015fekilde s\u0131n\u0131rland\u0131r\u0131lmas\u0131<br \/>\n\u2022 T\u00fcketiciye sat\u0131\u015f sonras\u0131 belgelerin ula\u015ft\u0131r\u0131lmamas\u0131<br \/>\nT\u00fcm bu hatalar, sadece yasal riskleri de\u011fil ayn\u0131 zamanda marka g\u00fcvenilirli\u011fini de tehdit eder. Unutulmamal\u0131d\u0131r ki t\u00fcketici yasal haklar\u0131n\u0131n tan\u0131nd\u0131\u011f\u0131 ve korundu\u011fu platformlar\u0131 tercih eder.<\/p>\n<h2>E-Ticaret S\u00fcrecinde Profesyonel Hukuki Destek<\/h2>\n<p>Dijital ortamda ticaret yapan herkesin, s\u00fcre\u00e7lerini mevzuata uygun y\u00fcr\u00fctmesi b\u00fcy\u00fck \u00f6nem ta\u015f\u0131r. \u00d6zellikle belge haz\u0131rlanmas\u0131, s\u00f6zle\u015fme olu\u015fturulmas\u0131 ve veri i\u015fleme politikalar\u0131 gibi konularda eticaret avukat\u0131 deste\u011fi almak i\u015fletmeleri hukuki risklerden korur. Avukatlar sitenizin mevcut durumunu analiz ederek eksiklikleri belirler uygun metinleri olu\u015fturur ve yasal s\u00fcreci sizin yerinize takip eder.<\/p>\n<p>B\u00f6ylece yaln\u0131zca yasal uyum sa\u011flanmakla kalmaz ayn\u0131 zamanda olas\u0131 m\u00fc\u015fteri \u015fik\u00e2yetleri veya denetimlerde i\u015fletmenizin haklar\u0131 da korunmu\u015f olur.<\/p>\n<p>Yasal Altyap\u0131 Olmadan Ticaret S\u00fcrd\u00fcr\u00fclemez<\/p>\n<p>Bu kapsamda e-ticaret yaln\u0131zca \u00fcr\u00fcn satmakla s\u0131n\u0131rl\u0131 de\u011fildir. Kullan\u0131c\u0131ya g\u00fcven vermek sat\u0131\u015f sonras\u0131 s\u00fcre\u00e7leri y\u00f6netmek ve hukuka uygun faaliyet g\u00f6stermek ba\u015far\u0131l\u0131 bir i\u015fletme olman\u0131n temel ko\u015fullar\u0131 aras\u0131nda yer al\u0131r. Her ge\u00e7en g\u00fcn yenilenen d\u00fczenlemelerle birlikte E-ticaret Kanunu ve ba\u011fl\u0131 y\u00f6netmelikler i\u015fletmelere hem y\u00fck\u00fcml\u00fcl\u00fck hem de koruma sa\u011flar.<\/p>\n<p>&nbsp;<\/p>\n<p>Hukuka uygun e-ticaret altyap\u0131s\u0131 m\u00fc\u015fteri memnuniyeti kadar i\u015fletmenin s\u00fcrd\u00fcr\u00fclebilirli\u011fini de etkiler. \u015eeffaf s\u00f6zle\u015fmeler, g\u00f6r\u00fcn\u00fcr KVKK politikalar\u0131 ve do\u011fru hukuki belgelerle donat\u0131lm\u0131\u015f bir site sadece yasal yapt\u0131r\u0131mlardan ka\u00e7\u0131nmakla kalmaz; ayn\u0131 zamanda marka sadakati olu\u015fturur. Bu da uzun vadede ticari ba\u015far\u0131n\u0131n en g\u00fc\u00e7l\u00fc dayanaklar\u0131ndan biridir.<\/p>\n<p>&nbsp;<\/p>","protected":false},"excerpt":{"rendered":"<p>Dijitalle\u015fmenin her ge\u00e7en g\u00fcn h\u0131z kazand\u0131\u011f\u0131 \u00e7a\u011f\u0131m\u0131zda, yaln\u0131zca sat\u0131\u015f yapmak yeterli olmamaktad\u0131r. Art\u0131k hem m\u00fc\u015fterinin g\u00fcvenini kazanmak hem de yasal sorumluluklardan ka\u00e7\u0131nmak [&hellip;]<\/p>","protected":false},"author":1,"featured_media":0,"parent":0,"menu_order":0,"comment_status":"closed","ping_status":"closed","template":"","meta":{"footnotes":""},"class_list":["post-579","page","type-page","status-publish","hentry"],"_links":{"self":[{"href":"https:\/\/senadurulaw.com\/en\/wp-json\/wp\/v2\/pages\/579","targetHints":{"allow":["GET"]}}],"collection":[{"href":"https:\/\/senadurulaw.com\/en\/wp-json\/wp\/v2\/pages"}],"about":[{"href":"https:\/\/senadurulaw.com\/en\/wp-json\/wp\/v2\/types\/page"}],"author":[{"embeddable":true,"href":"https:\/\/senadurulaw.com\/en\/wp-json\/wp\/v2\/users\/1"}],"replies":[{"embeddable":true,"href":"https:\/\/senadurulaw.com\/en\/wp-json\/wp\/v2\/comments?post=579"}],"version-history":[{"count":2,"href":"https:\/\/senadurulaw.com\/en\/wp-json\/wp\/v2\/pages\/579\/revisions"}],"predecessor-version":[{"id":581,"href":"https:\/\/senadurulaw.com\/en\/wp-json\/wp\/v2\/pages\/579\/revisions\/581"}],"wp:attachment":[{"href":"https:\/\/senadurulaw.com\/en\/wp-json\/wp\/v2\/media?parent=579"}],"curies":[{"name":"wp","href":"https:\/\/api.w.org\/{rel}","templated":true}]}}