{"id":596,"date":"2025-07-30T11:16:39","date_gmt":"2025-07-30T08:16:39","guid":{"rendered":"https:\/\/senadurulaw.com\/?page_id=596"},"modified":"2025-07-30T11:16:39","modified_gmt":"2025-07-30T08:16:39","slug":"kvkk-danismanligi","status":"publish","type":"page","link":"https:\/\/senadurulaw.com\/en\/kvkk-danismanligi\/","title":{"rendered":"KVKK Dan\u0131\u015fmanl\u0131\u011f\u0131"},"content":{"rendered":"<p class=\"s5\">Dijitalle\u015fen d\u00fcnya ile birlikte ki\u015fisel verilerin korunmas\u0131 yaln\u0131zca bireylerin de\u011fil \u015firketlerin de \u00f6ncelikli sorumluluklar\u0131ndan biri haline gelmi\u015ftir. Bu noktada <span class=\"s4\">KVKK uyum dan\u0131\u015fmanl\u0131\u011f\u0131<\/span>kavram\u0131 veri sorumlular\u0131n\u0131n kanuna uygun hareket etmesi a\u00e7\u0131s\u0131ndan b\u00fcy\u00fck \u00f6nem ta\u015f\u0131maktad\u0131r. 6698 say\u0131l\u0131 Ki\u015fisel Verilerin Korunmas\u0131 Kanunu (KVKK) yaln\u0131zca yasal bir y\u00fck\u00fcml\u00fcl\u00fck de\u011fil ayn\u0131 zamanda \u015firketlerin itibar\u0131n\u0131 koruyan stratejik bir uygulamad\u0131r. Bu nedenle KVKK kapsam\u0131ndaki t\u00fcm gerekliliklerin eksiksiz olarak yerine getirilmesi hem hukuki hem de teknik boyutlar\u0131 olan profesyonel bir yakla\u015f\u0131m gerektirir.<\/p>\n<h2 class=\"s7\"><span class=\"s6\">KVKK Dan\u0131\u015fmanl\u0131\u011f\u0131 Nedir?<\/span><\/h2>\n<p class=\"s5\"><span class=\"s4\">KVKK dan\u0131\u015fmanl\u0131\u011f\u0131<\/span> ki\u015fisel veri i\u015fleyen ki\u015fi ve kurulu\u015flar\u0131n yasal \u00e7er\u00e7evede faaliyet g\u00f6stermesini sa\u011flamak amac\u0131yla y\u00fcr\u00fct\u00fclen dan\u0131\u015fmanl\u0131k hizmetidir. \u015eirketler, dernekler, vak\u0131flar ya da ger\u00e7ek ki\u015filer; ki\u015fisel verilerin i\u015flenmesi s\u0131ras\u0131nda uyulmas\u0131 gereken kurallar konusunda dan\u0131\u015fmanl\u0131k alarak, mevzuata tam uyum sa\u011flamay\u0131 hedefler.<\/p>\n<p class=\"s5\">Bu s\u00fcre\u00e7te dan\u0131\u015fmanl\u0131k hizmeti veri sorumlusunun i\u015f s\u00fcre\u00e7lerini analiz ederek hukuki, idari ve teknik \u00f6nlemlerin belirlenmesi ve uygulanmas\u0131 a\u015famalar\u0131n\u0131 i\u00e7erir. \u00d6zellikle veri g\u00fcvenli\u011finin sa\u011flanmas\u0131, verilerin hukuka ayk\u0131r\u0131 bi\u00e7imde i\u015flenmesinin \u00f6nlenmesi ve gerekli politikalar\u0131n olu\u015fturulmas\u0131 gibi y\u00fck\u00fcml\u00fcl\u00fckler KVKK dan\u0131\u015fmanl\u0131\u011f\u0131 kapsam\u0131nda titizlikle y\u00fcr\u00fct\u00fclmelidir.<\/p>\n<h2 class=\"s7\"><span class=\"s6\">Kimler KVKK Dan\u0131\u015fmanl\u0131\u011f\u0131 Almal\u0131d\u0131r?<\/span><\/h2>\n<p class=\"s5\">KVKK ki\u015fisel verilerin i\u015flendi\u011fi t\u00fcm alanlar\u0131 kapsam alt\u0131na al\u0131r. Veri sorumlusu s\u0131fat\u0131 ta\u015f\u0131yan t\u00fcm t\u00fczel ve ger\u00e7ek ki\u015filerin KVKK dan\u0131\u015fmanl\u0131\u011f\u0131 hizmeti almas\u0131 bir zorunluluk halini alm\u0131\u015ft\u0131r. Bu ba\u011flamda \u015firketler serbest meslek mensuplar\u0131, kamu kurumlar\u0131, STK\u2019lar ve hatta bireysel giri\u015fimciler bu hizmetten faydalanmal\u0131d\u0131r.<\/p>\n<p class=\"s5\">\u00d6rne\u011fin; mali m\u00fc\u015favirler, yaz\u0131l\u0131m firmalar\u0131, e-ticaret i\u015fletmeleri, sa\u011fl\u0131k kurulu\u015flar\u0131 ya da kargo \u015firketleri ki\u015fisel veri topluyor ve i\u015fliyorsa, KVKK h\u00fck\u00fcmlerine uyum sa\u011flamak zorundad\u0131r. Aksi takdirde yasal yapt\u0131r\u0131mlarla kar\u015f\u0131 kar\u015f\u0131ya kal\u0131nabilir.<\/p>\n<h2 class=\"s7\"><span class=\"s6\">KVKK Uyum S\u00fcreci Nas\u0131l Y\u00fcr\u00fct\u00fcl\u00fcr?<\/span><\/h2>\n<p class=\"s5\">Uyum s\u00fcreci veri sorumlusunun organizasyonel yap\u0131s\u0131na, i\u015fledi\u011fi veri t\u00fcrlerine ve faaliyet alan\u0131na g\u00f6re \u015fekillenir. Ancak genel olarak s\u00fcre\u00e7 \u015fu ad\u0131mlarla ilerler:<\/p>\n<div class=\"s9\"><span class=\"s8\">\u2022 <\/span>\u015eirket yap\u0131s\u0131n\u0131n ve departmanlar\u0131n\u0131n analiz edilmesi<\/div>\n<div class=\"s9\"><span class=\"s8\">\u2022 <\/span>Veri i\u015fleme faaliyetlerinin tespiti<\/div>\n<div class=\"s9\"><span class=\"s8\">\u2022 <\/span>Departman y\u00f6neticileriyle toplant\u0131lar yap\u0131lmas\u0131<\/div>\n<div class=\"s9\"><span class=\"s8\">\u2022 <\/span>Veri envanterinin haz\u0131rlanmas\u0131<\/div>\n<div class=\"s9\"><span class=\"s8\">\u2022 <\/span>Risk analizinin ger\u00e7ekle\u015ftirilmesi<\/div>\n<div class=\"s9\"><span class=\"s8\">\u2022 <\/span>Hukuki ve teknik tedbirlerin belirlenmesi<\/div>\n<div class=\"s9\"><span class=\"s8\">\u2022 <\/span>VERB\u0130S kayd\u0131n\u0131n yap\u0131lmas\u0131 (zorunluluk varsa)<\/div>\n<div class=\"s9\"><span class=\"s8\">\u2022 <\/span>Gerekli politikalar\u0131n ve metinlerin olu\u015fturulmas\u0131<\/div>\n<div class=\"s9\"><span class=\"s8\">\u2022 <\/span>KVKK e\u011fitimlerinin verilmesi<\/div>\n<p class=\"s5\">Bu s\u00fcrecin uzman bir dan\u0131\u015fmanl\u0131k kadrosu taraf\u0131ndan y\u00f6netilmesi, veri koruma s\u00fcre\u00e7lerinin eksiksiz ve g\u00fcncel bir \u015fekilde y\u00fcr\u00fct\u00fclmesini sa\u011flar.<\/p>\n<h2 class=\"s7\"><span class=\"s6\">KVKK Hukuki Dan\u0131\u015fmanl\u0131\u011f\u0131n\u0131n Rol\u00fc Nedir?<\/span><\/h2>\n<p class=\"s5\">\u015eirketler KVKK kapsam\u0131ndaki yasal y\u00fck\u00fcml\u00fcl\u00fckleri yaln\u0131zca teknik \u00f6nlemlerle de\u011fil ayn\u0131 zamanda hukuki d\u00fczenlemelerle de yerine getirmek zorundad\u0131r. <span class=\"s4\">KVKK hukuk dan\u0131\u015fmanl\u0131\u011f\u0131<\/span>bu noktada devreye girerek gerekli t\u00fcm hukuki belgelerin haz\u0131rlanmas\u0131n\u0131 ve mevcut belgelerin denetlenmesini sa\u011flar.<\/p>\n<p class=\"s5\"><strong>Haz\u0131rlanmas\u0131 gereken ba\u015fl\u0131ca dok\u00fcmanlar \u015funlard\u0131r:<\/strong><\/p>\n<div class=\"s9\"><span class=\"s8\">\u2022 <\/span>Ayd\u0131nlatma metinleri<\/div>\n<div class=\"s9\"><span class=\"s8\">\u2022 <\/span>A\u00e7\u0131k r\u0131za metinleri<\/div>\n<div class=\"s9\"><span class=\"s8\">\u2022 <\/span>Gizlilik s\u00f6zle\u015fmeleri<\/div>\n<div class=\"s9\"><span class=\"s8\">\u2022 <\/span>\u0130mha politikalar\u0131<\/div>\n<div class=\"s9\"><span class=\"s8\">\u2022 <\/span>Kurum i\u00e7i veri g\u00fcvenli\u011fi protokolleri<\/div>\n<p class=\"s5\">T\u00fcm bu belgelerin haz\u0131rlanmas\u0131nda <span class=\"s4\">KVKK uzman\u0131 avukat<\/span> deste\u011fi al\u0131nmas\u0131 \u015firketin yasal risklerini minimize eder. \u00d6rne\u011fin gereksiz a\u00e7\u0131k r\u0131za al\u0131m\u0131, sonras\u0131nda geri al\u0131nmas\u0131 halinde b\u00fcy\u00fck hukuki sorunlar yaratabilir. Bu t\u00fcr durumlar\u0131n \u00f6n\u00fcne ge\u00e7ilmesi i\u00e7in dan\u0131\u015fmanl\u0131k hizmeti \u015fartt\u0131r.<\/p>\n<p class=\"s7\"><span class=\"s6\">Teknik Dan\u0131\u015fmanl\u0131k: Dijital G\u00fcvenli\u011fin Temeli<\/span><\/p>\n<p class=\"s5\">Hukuki altyap\u0131n\u0131n yan\u0131 s\u0131ra teknik \u00f6nlemler de KVKK uyumunun vazge\u00e7ilmez bir par\u00e7as\u0131d\u0131r. <span class=\"s4\">KVKK teknik dan\u0131\u015fmanl\u0131k<\/span> verilerin dijital ortamda g\u00fcvenli bir \u015fekilde saklanmas\u0131, i\u015flenmesi ve gerekti\u011finde imha edilmesini kapsar.<\/p>\n<p class=\"s5\"><strong>Al\u0131nmas\u0131 gereken baz\u0131 teknik \u00f6nlemler \u015funlard\u0131r:<\/strong><\/p>\n<div class=\"s9\"><span class=\"s8\">\u2022 <\/span>Antivir\u00fcs programlar\u0131 ve g\u00fcvenlik duvarlar\u0131n\u0131n kullan\u0131lmas\u0131<\/div>\n<div class=\"s9\"><span class=\"s8\">\u2022 <\/span>Eri\u015fim s\u0131n\u0131rland\u0131rmalar\u0131 ve yetkilendirme sistemlerinin kurulmas\u0131<\/div>\n<div class=\"s9\"><span class=\"s8\">\u2022 <\/span>\u015eifreleme y\u00f6ntemleriyle veri g\u00fcvenli\u011finin sa\u011flanmas\u0131<\/div>\n<div class=\"s9\"><span class=\"s8\">\u2022 <\/span>Ki\u015fisel verilerin yedeklenmesi<\/div>\n<div class=\"s9\"><span class=\"s8\">\u2022 <\/span>Bulut sistemlerinin g\u00fcvenlik analizlerinin yap\u0131lmas\u0131<\/div>\n<p class=\"s5\">Bu \u00f6nlemler \u015firketin b\u00fcy\u00fckl\u00fc\u011f\u00fcne ve verilerin niteli\u011fine g\u00f6re de\u011fi\u015febilir. Dolay\u0131s\u0131yla her \u015firketin \u00f6zelinde bir de\u011ferlendirme yap\u0131lmal\u0131 ve buna uygun bir teknik altyap\u0131 olu\u015fturulmal\u0131d\u0131r.<\/p>\n<h2 class=\"s7\"><span class=\"s6\">KVKK <\/span><span class=\"s6\">\u015eikayet<\/span><span class=\"s6\"> Dan\u0131\u015fmanl\u0131\u011f\u0131<\/span> <span class=\"s6\">S\u00fcre\u00e7 Y\u00f6netiminin Anahtar\u0131<\/span><\/h2>\n<p class=\"s5\">Verisi i\u015flenen ki\u015filerin, KVKK kapsam\u0131nda veri sorumlusuna ve Kurula ba\u015fvuru hakk\u0131 bulunmaktad\u0131r. Bu s\u00fcre\u00e7lerde gelen taleplerin y\u00f6netimi, \u015firketlerin sorumlulu\u011fundad\u0131r. KVKK \u015fikayet dan\u0131\u015fmanl\u0131\u011f\u0131 hizmeti bu ba\u015fvurular\u0131n yasal s\u00fcrelere ve gerekliliklere uygun \u015fekilde de\u011ferlendirilmesini sa\u011flar.<\/p>\n<p class=\"s5\"><strong>Veri sahipleri;<\/strong><\/p>\n<div class=\"s9\"><span class=\"s8\">\u2022 <\/span>Ki\u015fisel verilerinin i\u015flenip i\u015flenmedi\u011fini \u00f6\u011frenme,<\/div>\n<div class=\"s9\"><span class=\"s8\">\u2022 <\/span>Hangi verilerin i\u015flendi\u011fini sorma,<\/div>\n<div class=\"s9\"><span class=\"s8\">\u2022 <\/span>Verilerin d\u00fczeltilmesini ya da silinmesini talep etme,<\/div>\n<div class=\"s9\"><span class=\"s8\">\u2022 <\/span>Kanuna ayk\u0131r\u0131 veri i\u015flemeleri i\u00e7in tazminat talep etme<\/div>\n<p class=\"s5\">gibi haklara sahiptir. Bu taleplere zaman\u0131nda ve usul\u00fcne uygun \u015fekilde yan\u0131t verilmemesi halinde veri sorumlular\u0131 idari para cezalar\u0131yla kar\u015f\u0131 kar\u015f\u0131ya kalabilir. Bu nedenle \u015firketlerin <span class=\"s4\">KVKK avukat\u0131<\/span> deste\u011fiyle s\u00fcreci y\u00fcr\u00fctmesi gereklidir.<\/p>\n<p class=\"s7\"><strong><span class=\"s6\">Risk Analizi Uyumun Ba\u015flang\u0131\u00e7 Noktas\u0131<\/span><span class=\"s6\">d\u0131r<\/span><\/strong><\/p>\n<p class=\"s5\">Veri i\u015fleme faaliyetlerinin g\u00fcvenli ve yasal zemine oturtulmas\u0131 i\u00e7in yap\u0131lmas\u0131 gereken ilk ad\u0131m, detayl\u0131 bir risk analizidir. Bu analizde \u015firketin veri yap\u0131s\u0131, \u00e7al\u0131\u015fan say\u0131s\u0131, kullan\u0131lan sistemler ve verilerin niteli\u011fi de\u011ferlendirilir.<\/p>\n<p class=\"s5\">\u00d6rne\u011fin; 50 \u00e7al\u0131\u015fandan az personeli olan ve 100 milyon TL\u2019den az cirosu bulunan \u015firketlerin VERB\u0130S\u2019e kay\u0131t zorunlulu\u011fu bulunmayabilir. Ancak bu di\u011fer y\u00fck\u00fcml\u00fcl\u00fcklerden muaf olduklar\u0131 anlam\u0131na gelmez. Bu t\u00fcr ince ayr\u0131nt\u0131lar ancak <span class=\"s4\">KVKK uzman avukat\u0131<\/span> taraf\u0131ndan y\u00fcr\u00fct\u00fclen dan\u0131\u015fmanl\u0131k s\u00fcreciyle do\u011fru \u015fekilde belirlenebilir.<\/p>\n<h2 class=\"s7\"><span class=\"s6\">KVKK Dan\u0131\u015fmanl\u0131\u011f\u0131 \u015eirketler \u0130\u00e7in Neden Gerekli?<\/span><\/h2>\n<p class=\"s5\">KVKK kapsam\u0131nda \u00f6ng\u00f6r\u00fclen cezalar olduk\u00e7a ciddi boyutlardad\u0131r. Sadece idari para cezalar\u0131 de\u011fil ceza hukuku kapsam\u0131nda hapis cezalar\u0131 da g\u00fcndeme gelebilmektedir. \u00d6rne\u011fin hukuka ayk\u0131r\u0131 veri i\u015fleme su\u00e7u nedeniyle 1 y\u0131ldan 3 y\u0131la kadar verileri hukuka ayk\u0131r\u0131 verme ya da ele ge\u00e7irme halinde ise 2 y\u0131ldan 4.5 y\u0131la kadar hapis cezas\u0131 s\u00f6z konusu olabilir.<\/p>\n<p class=\"s5\">Bu gibi risklerin \u00f6nlenmesi, veri g\u00fcvenli\u011finin sa\u011flanmas\u0131, \u015firket itibar\u0131n\u0131n korunmas\u0131 ve m\u00fc\u015fteri g\u00fcveninin in\u015fa edilmesi i\u00e7in profesyonel dan\u0131\u015fmanl\u0131k al\u0131nmas\u0131 ka\u00e7\u0131n\u0131lmazd\u0131r. \u00d6zellikle kanun ve uygulama kararlar\u0131nda meydana gelen de\u011fi\u015fikliklerin takibi ve bu de\u011fi\u015fikliklere uyum ancak deneyimli bir <span class=\"s4\">KVKK uzman\u0131 avukat<\/span> ile s\u00fcrd\u00fcr\u00fclebilir hale gelir.<\/p>\n<p class=\"s5\">","protected":false},"excerpt":{"rendered":"<p>Dijitalle\u015fen d\u00fcnya ile birlikte ki\u015fisel verilerin korunmas\u0131 yaln\u0131zca bireylerin de\u011fil \u015firketlerin de \u00f6ncelikli sorumluluklar\u0131ndan biri haline gelmi\u015ftir. Bu noktada KVKK uyum dan\u0131\u015fmanl\u0131\u011f\u0131kavram\u0131 [&hellip;]<\/p>","protected":false},"author":1,"featured_media":0,"parent":0,"menu_order":0,"comment_status":"closed","ping_status":"closed","template":"","meta":{"footnotes":""},"class_list":["post-596","page","type-page","status-publish","hentry"],"_links":{"self":[{"href":"https:\/\/senadurulaw.com\/en\/wp-json\/wp\/v2\/pages\/596","targetHints":{"allow":["GET"]}}],"collection":[{"href":"https:\/\/senadurulaw.com\/en\/wp-json\/wp\/v2\/pages"}],"about":[{"href":"https:\/\/senadurulaw.com\/en\/wp-json\/wp\/v2\/types\/page"}],"author":[{"embeddable":true,"href":"https:\/\/senadurulaw.com\/en\/wp-json\/wp\/v2\/users\/1"}],"replies":[{"embeddable":true,"href":"https:\/\/senadurulaw.com\/en\/wp-json\/wp\/v2\/comments?post=596"}],"version-history":[{"count":2,"href":"https:\/\/senadurulaw.com\/en\/wp-json\/wp\/v2\/pages\/596\/revisions"}],"predecessor-version":[{"id":598,"href":"https:\/\/senadurulaw.com\/en\/wp-json\/wp\/v2\/pages\/596\/revisions\/598"}],"wp:attachment":[{"href":"https:\/\/senadurulaw.com\/en\/wp-json\/wp\/v2\/media?parent=596"}],"curies":[{"name":"wp","href":"https:\/\/api.w.org\/{rel}","templated":true}]}}