{"id":599,"date":"2025-07-30T11:19:41","date_gmt":"2025-07-30T08:19:41","guid":{"rendered":"https:\/\/senadurulaw.com\/?page_id=599"},"modified":"2025-07-30T11:19:41","modified_gmt":"2025-07-30T08:19:41","slug":"kvkk-egitimi","status":"publish","type":"page","link":"https:\/\/senadurulaw.com\/en\/kvkk-egitimi\/","title":{"rendered":"KVKK E\u011fitimi"},"content":{"rendered":"<p class=\"s5\">G\u00fcn\u00fcm\u00fczde bireylerin dijital ortamlarda b\u0131rakt\u0131\u011f\u0131 izler, kurumlar\u0131n toplad\u0131\u011f\u0131 bilgiler ve bu verilerin i\u015flenmesi konular\u0131 olduk\u00e7a hassas bir hale gelmi\u015ftir. Ki\u015fisel verilerin korunmas\u0131 ihtiyac\u0131 teknolojinin ba\u015f d\u00f6nd\u00fcr\u00fcc\u00fc geli\u015fimiyle birlikte daha da \u00f6nem kazanm\u0131\u015ft\u0131r. Bu kapsamda uygulanan yasal d\u00fczenlemelerin do\u011fru anla\u015f\u0131lmas\u0131 hem bireyler hem de kurumlar i\u00e7in hayati \u00f6nem ta\u015f\u0131r. <span class=\"s4\">KVKK e\u011fitimi<\/span> tam da bu noktada devreye girerek ki\u015fisel veri i\u015fleme s\u00fcre\u00e7lerinde hukuka uygun hareket etmenin yolunu g\u00f6sterir.<\/p>\n<h2 class=\"s7\"><span class=\"s6\">KVKK Ne Anlama Geliyor Ne Zaman \u00c7\u0131kt\u0131?<\/span><\/h2>\n<p class=\"s5\">\u201cKVKK\u201d ifadesi halk aras\u0131nda zaman zaman kafa kar\u0131\u015f\u0131kl\u0131\u011f\u0131na neden olabiliyor. \u00c7o\u011fu ki\u015fi \u201cKVKK kanunu\u201d ifadesini kullanarak hem Kurumu hem de Kanunu ayn\u0131 kavram sanabiliyor. Oysa KVKK, hem \u201cKi\u015fisel Verilerin Korunmas\u0131 Kurumu\u201dnun hem de \u201cKi\u015fisel Verilerin Korunmas\u0131 Kanunu\u201dnun k\u0131saltmas\u0131 olarak kullan\u0131l\u0131r. Bu iki yap\u0131dan ilki, 6698 say\u0131l\u0131 <span class=\"s4\">Ki\u015fisel Verilerin Korunmas\u0131 Kanunu<\/span> kapsam\u0131nda g\u00f6rev yapan resmi bir kurumdur; di\u011feri ise ki\u015fisel verilerin korunmas\u0131na ili\u015fkin kurallar\u0131 i\u00e7eren kanunun ad\u0131d\u0131r. 2016 y\u0131l\u0131nda y\u00fcr\u00fcrl\u00fc\u011fe giren 6698 say\u0131l\u0131 bu Kanun ile birlikte T\u00fcrkiye\u2019de veri g\u00fcvenli\u011fi konusunda ciddi ad\u0131mlar at\u0131lm\u0131\u015ft\u0131r.<\/p>\n<h2 class=\"s7\"><span class=\"s6\">Ki\u015fisel Veriler Nelerdir ve Neden Korunmal\u0131d\u0131r?<\/span><\/h2>\n<p class=\"s5\">Ki\u015fisel veri, belirli ya da belirlenebilir bir ger\u00e7ek ki\u015fiye ait her t\u00fcrl\u00fc bilgiyi ifade eder. Bu kapsamda ad-soyad, T.C. kimlik numaras\u0131, adres, telefon numaras\u0131, e-posta, IP adresi, foto\u011fraf, ses kayd\u0131 gibi veriler ki\u015fisel nitelik ta\u015f\u0131r. Daha da \u00f6tesinde, ki\u015finin etnik k\u00f6keni, siyasi g\u00f6r\u00fc\u015f\u00fc, dini inanc\u0131, sa\u011fl\u0131k bilgileri, biyometrik verileri gibi bilgiler ise \u201c\u00f6zel nitelikli ki\u015fisel veri\u201d olarak adland\u0131r\u0131l\u0131r.<\/p>\n<p class=\"s5\">Bu t\u00fcr verilerin korunmas\u0131 yaln\u0131zca bireylerin \u00f6zel hayat\u0131na sayg\u0131n\u0131n bir gere\u011fi de\u011fil; ayn\u0131 zamanda anayasal bir hakt\u0131r. Bu y\u00fczden ki\u015fisel verilerin i\u015flenmesi s\u00fcrecinde yaln\u0131zca teknik \u00f6nlemler de\u011fil ayn\u0131 zamanda yasal bilgi ve bilin\u00e7 de gerekir. Bu bilincin olu\u015fturulmas\u0131 i\u00e7in <span class=\"s4\">KVKK fark\u0131ndal\u0131k e\u011fitimi<\/span> kurumlar ve bireyler a\u00e7\u0131s\u0131ndan son derece \u00f6nemlidir.<\/p>\n<h2 class=\"s7\"><span class=\"s6\">KVKK E\u011fitimi Kimler \u0130\u00e7in Gereklidir?<\/span><\/h2>\n<p class=\"s5\">KVKK kapsam\u0131nda y\u00fck\u00fcml\u00fcl\u00fckleri olan kurum ve ki\u015filer, bu alanda yap\u0131lacak hatalar\u0131n ciddi idari yapt\u0131r\u0131mlara yol a\u00e7abilece\u011fini bilmelidir. Bu nedenle KVKK e\u011fitimi almas\u0131 gereken gruplar \u015funlard\u0131r:<\/p>\n<div class=\"s9\"><span class=\"s8\">\u2022 <\/span>Ki\u015fisel veri i\u015fleyen kamu ve \u00f6zel sekt\u00f6r kurulu\u015flar\u0131<\/div>\n<div class=\"s9\"><span class=\"s8\">\u2022 <\/span>Veri sorumlular\u0131 ve temsilcileri<\/div>\n<div class=\"s9\"><span class=\"s8\">\u2022 <\/span>\u0130nsan kaynaklar\u0131 ve hukuk departmanlar\u0131<\/div>\n<div class=\"s9\"><span class=\"s8\">\u2022 <\/span>Sa\u011fl\u0131k, e\u011fitim, finans gibi veri yo\u011fun \u00e7al\u0131\u015fan sekt\u00f6r profesyonelleri<\/div>\n<div class=\"s9\"><span class=\"s8\">\u2022 <\/span>\u015eirket i\u00e7i y\u00f6neticiler ve bilgi i\u015flem birimleri<\/div>\n<div class=\"s9\"><span class=\"s8\">\u2022 <\/span>Veri g\u00fcvenli\u011fi sa\u011flay\u0131c\u0131 firmalar<\/div>\n<p class=\"s5\">Ayr\u0131ca ki\u015fisel verilerin i\u015flenme s\u00fcrecinde do\u011frudan g\u00f6rev alan ki\u015filer i\u00e7in <span class=\"s4\">KVKK e\u011fitimi avukat<\/span> taraf\u0131ndan verildi\u011finde hukuki \u00e7er\u00e7evenin daha sa\u011flam ve net bi\u00e7imde anla\u015f\u0131lmas\u0131 sa\u011flan\u0131r.<\/p>\n<h2 class=\"s7\"><span class=\"s6\">KVKK E\u011fitim Hukuk Alan\u0131nda Neden \u00d6nemlidir?<\/span><\/h2>\n<p class=\"s5\"><span class=\"s4\">KVKK e\u011fitim hukuk<\/span> uygulamalar\u0131 a\u00e7\u0131s\u0131ndan temel bir ihtiya\u00e7 halini alm\u0131\u015ft\u0131r. G\u00fcn\u00fcm\u00fczde veri i\u015fleme faaliyetlerinin hukuki bir zemine oturmas\u0131 gerekti\u011finden, bu konuda verilen e\u011fitimlerin eksiksiz olmas\u0131 b\u00fcy\u00fck \u00f6nem ta\u015f\u0131r. Avukatlar, dan\u0131\u015fmanlar ve hukuk uzmanlar\u0131 bu e\u011fitimleri vererek \u015firketlerin kanuna uygunluk s\u00fcre\u00e7lerini do\u011fru y\u00fcr\u00fctmelerine katk\u0131da bulunur.<\/p>\n<p class=\"s5\">Bununla birlikte, sadece \u015firket y\u00f6neticileri de\u011fil her kademede \u00e7al\u0131\u015fan personelin de ki\u015fisel veriler hakk\u0131nda bilgi sahibi olmas\u0131 gerekir. \u00c7\u00fcnk\u00fc veri ihlalleri sadece y\u00f6netim kaynakl\u0131 de\u011fil \u00e7al\u0131\u015fan hatalar\u0131ndan da kaynaklanabilmektedir.<\/p>\n<h2 class=\"s7\"><span class=\"s6\">KVKK E\u011fitimi Kapsam\u0131nda Ne Yap\u0131l\u0131r<\/span><\/h2>\n<p class=\"s5\"><span class=\"s4\">KVKK e\u011fitimi avukat\u0131<\/span> ki\u015fisel verilerin i\u015flenmesi, saklanmas\u0131, aktar\u0131lmas\u0131 ve imhas\u0131 s\u00fcre\u00e7lerinde yasal mevzuata uyumu sa\u011flayacak bilgi aktar\u0131m\u0131n\u0131 yapan ki\u015fidir. Bu ki\u015fi, kat\u0131l\u0131mc\u0131lara yaln\u0131zca teorik bilgiler sunmakla kalmaz; ayn\u0131 zamanda uygulamaya d\u00f6n\u00fck \u00e7\u00f6z\u00fcmler de sa\u011flar. \u00d6rne\u011fin:<\/p>\n<div class=\"s9\"><span class=\"s8\">\u2022 <\/span>Ki\u015fisel veri i\u015fleme envanteri nas\u0131l haz\u0131rlan\u0131r?<\/div>\n<div class=\"s9\"><span class=\"s8\">\u2022 <\/span>A\u00e7\u0131k r\u0131za beyanlar\u0131 nas\u0131l al\u0131nmal\u0131d\u0131r?<\/div>\n<div class=\"s9\"><span class=\"s8\">\u2022 <\/span>Ayd\u0131nlatma metinleri nas\u0131l olu\u015fturulur?<\/div>\n<div class=\"s9\"><span class=\"s8\">\u2022 <\/span>VERB\u0130S kayd\u0131 nedir ve nas\u0131l yap\u0131l\u0131r?<\/div>\n<div class=\"s9\"><span class=\"s8\">\u2022 <\/span>Veri ihlali durumunda izlenecek prosed\u00fcrler nelerdir?<\/div>\n<p class=\"s5\">gibi konularda net y\u00f6nlendirmeler yapar. Bu sayede kurumlar yasal y\u00fck\u00fcml\u00fcl\u00fcklerini eksiksiz yerine getirerek olas\u0131 yapt\u0131r\u0131mlardan korunmu\u015f olur.<\/p>\n<h2 class=\"s7\"><span class=\"s6\">KVKK E\u011fitimi Avukat ile Al\u0131nmal\u0131 m\u0131?<\/span><\/h2>\n<p class=\"s5\">Bu sorunun yan\u0131t\u0131 b\u00fcy\u00fck \u00f6l\u00e7\u00fcde evet olacakt\u0131r. \u00c7\u00fcnk\u00fc <span class=\"s4\">KVKK e\u011fitimi avukat<\/span> e\u015fli\u011finde yap\u0131ld\u0131\u011f\u0131nda uygulamada ya\u015fanan sorunlara \u00f6zg\u00fc hukuki \u00e7\u00f6z\u00fcmler de e\u011fitime dahil edilebilir. Bu, kat\u0131l\u0131mc\u0131lar a\u00e7\u0131s\u0131ndan e\u011fitimin \u00e7ok daha verimli ve etkili ge\u00e7mesini sa\u011flar. Ayn\u0131 zamanda soru-cevap b\u00f6l\u00fcmleriyle \u00f6zel durumlar da de\u011ferlendirilebilir.<\/p>\n<p class=\"s5\">\u00d6zellikle sa\u011fl\u0131k, bankac\u0131l\u0131k, sigorta, e\u011fitim gibi y\u00fcksek veri riskine sahip sekt\u00f6rlerde \u00e7al\u0131\u015fanlar\u0131n bu e\u011fitimleri avukat g\u00f6zetiminde almas\u0131 b\u00fcy\u00fck bir avantaj sa\u011flar.<\/p>\n<h2 class=\"s7\"><span class=\"s6\">KVKK E\u011fitimi \u0130\u00e7eri\u011finde Neler Var?<\/span><\/h2>\n<p class=\"s5\">Bir KVKK e\u011fitiminin i\u00e7eri\u011fi genellikle \u015fu ba\u015fl\u0131klardan olu\u015fur:<\/p>\n<div class=\"s9\"><span class=\"s8\">\u2022 <\/span>KVKK\u2019n\u0131n tarih\u00e7esi ve kapsam\u0131<\/div>\n<div class=\"s9\"><span class=\"s8\">\u2022 <\/span>Ki\u015fisel veri ve \u00f6zel nitelikli veri tan\u0131mlar\u0131<\/div>\n<div class=\"s9\"><span class=\"s8\">\u2022 <\/span>Veri i\u015fleme \u015fartlar\u0131<\/div>\n<div class=\"s9\"><span class=\"s8\">\u2022 <\/span>A\u00e7\u0131k r\u0131za kavram\u0131 ve r\u0131za al\u0131nmas\u0131<\/div>\n<div class=\"s9\"><span class=\"s8\">\u2022 <\/span>Ayd\u0131nlatma y\u00fck\u00fcml\u00fcl\u00fc\u011f\u00fc<\/div>\n<div class=\"s9\"><span class=\"s8\">\u2022 <\/span>Veri sorumlusu ve g\u00f6revleri<\/div>\n<div class=\"s9\"><span class=\"s8\">\u2022 <\/span>VERB\u0130S kayd\u0131 ve s\u00fcre\u00e7 y\u00f6netimi<\/div>\n<div class=\"s9\"><span class=\"s8\">\u2022 <\/span>Yapt\u0131r\u0131mlar ve veri ihlali durumlar\u0131<\/div>\n<div class=\"s9\"><span class=\"s8\">\u2022 <\/span>G\u00fcncel yarg\u0131 kararlar\u0131 ve \u00f6rnek uygulamalar<\/div>\n<p class=\"s5\">Bu ba\u015fl\u0131klar kurumlar\u0131n ihtiya\u00e7lar\u0131na g\u00f6re \u00f6zelle\u015ftirilerek daha sekt\u00f6rel h\u00e2le de getirilebilir. \u00d6zellikle b\u00fcy\u00fck \u00f6l\u00e7ekli kurumlarda b\u00f6l\u00fcm bazl\u0131 KVKK fark\u0131ndal\u0131k e\u011fitimi programlar\u0131 organize edilebilir.<\/p>\n<h2 class=\"s7\"><span class=\"s6\">Neden KVKK E\u011fitimi Almal\u0131s\u0131n\u0131z?<\/span><\/h2>\n<p class=\"s5\">KVKK yaln\u0131zca bir kanun de\u011fil; ayn\u0131 zamanda birey haklar\u0131n\u0131n korunmas\u0131n\u0131 temel alan bir zihniyet de\u011fi\u015fimidir. Bu zihniyetin toplumun her kesiminde yerle\u015fmesi i\u00e7in fark\u0131ndal\u0131k \u00e7al\u0131\u015fmalar\u0131 b\u00fcy\u00fck \u00f6nem ta\u015f\u0131r. Kurumlar\u0131n sadece teknik altyap\u0131 ile de\u011fil, \u00e7al\u0131\u015fan e\u011fitimleriyle de bu s\u00fcrece haz\u0131rl\u0131kl\u0131 olmas\u0131 gerekir.<\/p>\n<p class=\"s5\">Bu ba\u011flamda <span class=\"s4\">KVKK e\u011fitimi<\/span> almak yaln\u0131zca bir y\u00fck\u00fcml\u00fcl\u00fc\u011f\u00fc yerine getirmek de\u011fil; ayn\u0131 zamanda birey haklar\u0131na ve \u00f6zel ya\u015fama sayg\u0131n\u0131n bir g\u00f6stergesidir. Gerek \u00e7al\u0131\u015fanlar gerek y\u00f6neticiler bu e\u011fitimle birlikte veri i\u015fleme s\u00fcre\u00e7lerinde hukuka uygunluk sa\u011flam\u0131\u015f olur. \u00dcstelik bu sayede olas\u0131 para cezalar\u0131n\u0131n ve itibar kay\u0131plar\u0131n\u0131n da \u00f6n\u00fcne ge\u00e7ilir.Unutulmamal\u0131d\u0131r ki ki\u015fisel veriler birer dijital imzad\u0131r ve bu izlerin korunmas\u0131 herkesin sorumlulu\u011fudur.<\/p>","protected":false},"excerpt":{"rendered":"<p>G\u00fcn\u00fcm\u00fczde bireylerin dijital ortamlarda b\u0131rakt\u0131\u011f\u0131 izler, kurumlar\u0131n toplad\u0131\u011f\u0131 bilgiler ve bu verilerin i\u015flenmesi konular\u0131 olduk\u00e7a hassas bir hale gelmi\u015ftir. Ki\u015fisel verilerin korunmas\u0131 [&hellip;]<\/p>","protected":false},"author":1,"featured_media":0,"parent":0,"menu_order":0,"comment_status":"closed","ping_status":"closed","template":"","meta":{"footnotes":""},"class_list":["post-599","page","type-page","status-publish","hentry"],"_links":{"self":[{"href":"https:\/\/senadurulaw.com\/en\/wp-json\/wp\/v2\/pages\/599","targetHints":{"allow":["GET"]}}],"collection":[{"href":"https:\/\/senadurulaw.com\/en\/wp-json\/wp\/v2\/pages"}],"about":[{"href":"https:\/\/senadurulaw.com\/en\/wp-json\/wp\/v2\/types\/page"}],"author":[{"embeddable":true,"href":"https:\/\/senadurulaw.com\/en\/wp-json\/wp\/v2\/users\/1"}],"replies":[{"embeddable":true,"href":"https:\/\/senadurulaw.com\/en\/wp-json\/wp\/v2\/comments?post=599"}],"version-history":[{"count":2,"href":"https:\/\/senadurulaw.com\/en\/wp-json\/wp\/v2\/pages\/599\/revisions"}],"predecessor-version":[{"id":601,"href":"https:\/\/senadurulaw.com\/en\/wp-json\/wp\/v2\/pages\/599\/revisions\/601"}],"wp:attachment":[{"href":"https:\/\/senadurulaw.com\/en\/wp-json\/wp\/v2\/media?parent=599"}],"curies":[{"name":"wp","href":"https:\/\/api.w.org\/{rel}","templated":true}]}}