{"id":666,"date":"2025-08-26T11:36:20","date_gmt":"2025-08-26T08:36:20","guid":{"rendered":"https:\/\/senadurulaw.com\/?page_id=666"},"modified":"2025-08-26T12:00:33","modified_gmt":"2025-08-26T09:00:33","slug":"4lu-uyum-paketi-kvkk-cerez","status":"publish","type":"page","link":"https:\/\/senadurulaw.com\/en\/4lu-uyum-paketi-kvkk-cerez\/","title":{"rendered":"4\u2019l\u00fc Uyum Paketi (KVKK + \u00c7erez)"},"content":{"rendered":"<div data-elementor-type=\"wp-page\" data-elementor-id=\"666\" class=\"elementor elementor-666\" data-elementor-settings=\"{&quot;element_pack_global_tooltip_width&quot;:{&quot;unit&quot;:&quot;px&quot;,&quot;size&quot;:&quot;&quot;,&quot;sizes&quot;:[]},&quot;element_pack_global_tooltip_width_tablet&quot;:{&quot;unit&quot;:&quot;px&quot;,&quot;size&quot;:&quot;&quot;,&quot;sizes&quot;:[]},&quot;element_pack_global_tooltip_width_mobile&quot;:{&quot;unit&quot;:&quot;px&quot;,&quot;size&quot;:&quot;&quot;,&quot;sizes&quot;:[]},&quot;element_pack_global_tooltip_padding&quot;:{&quot;unit&quot;:&quot;px&quot;,&quot;top&quot;:&quot;&quot;,&quot;right&quot;:&quot;&quot;,&quot;bottom&quot;:&quot;&quot;,&quot;left&quot;:&quot;&quot;,&quot;isLinked&quot;:true},&quot;element_pack_global_tooltip_padding_tablet&quot;:{&quot;unit&quot;:&quot;px&quot;,&quot;top&quot;:&quot;&quot;,&quot;right&quot;:&quot;&quot;,&quot;bottom&quot;:&quot;&quot;,&quot;left&quot;:&quot;&quot;,&quot;isLinked&quot;:true},&quot;element_pack_global_tooltip_padding_mobile&quot;:{&quot;unit&quot;:&quot;px&quot;,&quot;top&quot;:&quot;&quot;,&quot;right&quot;:&quot;&quot;,&quot;bottom&quot;:&quot;&quot;,&quot;left&quot;:&quot;&quot;,&quot;isLinked&quot;:true},&quot;element_pack_global_tooltip_border_radius&quot;:{&quot;unit&quot;:&quot;px&quot;,&quot;top&quot;:&quot;&quot;,&quot;right&quot;:&quot;&quot;,&quot;bottom&quot;:&quot;&quot;,&quot;left&quot;:&quot;&quot;,&quot;isLinked&quot;:true},&quot;element_pack_global_tooltip_border_radius_tablet&quot;:{&quot;unit&quot;:&quot;px&quot;,&quot;top&quot;:&quot;&quot;,&quot;right&quot;:&quot;&quot;,&quot;bottom&quot;:&quot;&quot;,&quot;left&quot;:&quot;&quot;,&quot;isLinked&quot;:true},&quot;element_pack_global_tooltip_border_radius_mobile&quot;:{&quot;unit&quot;:&quot;px&quot;,&quot;top&quot;:&quot;&quot;,&quot;right&quot;:&quot;&quot;,&quot;bottom&quot;:&quot;&quot;,&quot;left&quot;:&quot;&quot;,&quot;isLinked&quot;:true}}\">\n\t\t\t\t<div class=\"elementor-element elementor-element-3c3e015d e-flex e-con-boxed e-con e-parent\" data-id=\"3c3e015d\" data-element_type=\"container\">\n\t\t\t\t\t<div class=\"e-con-inner\">\n\t\t\t\t<div class=\"elementor-element elementor-element-7e9b9af elementor-widget elementor-widget-image-gallery\" data-id=\"7e9b9af\" data-element_type=\"widget\" data-widget_type=\"image-gallery.default\">\n\t\t\t\t<div class=\"elementor-widget-container\">\n\t\t\t\t\t\t\t<div class=\"elementor-image-gallery\">\n\t\t\t<div id='gallery-1' class='gallery galleryid-666 gallery-columns-5 gallery-size-full'><figure class='gallery-item'>\n\t\t\t<div class='gallery-icon landscape'>\n\t\t\t\t<a data-elementor-open-lightbox=\"yes\" data-elementor-lightbox-slideshow=\"7e9b9af\" data-elementor-lightbox-title=\"WhatsApp Image 2025-08-24 at 08.26.32 (4)\" data-e-action-hash=\"#elementor-action%3Aaction%3Dlightbox%26settings%3DeyJpZCI6NjYxLCJ1cmwiOiJodHRwczpcL1wvc2VuYWR1cnVsYXcuY29tXC93cC1jb250ZW50XC91cGxvYWRzXC8yMDI1XC8wOFwvV2hhdHNBcHAtSW1hZ2UtMjAyNS0wOC0yNC1hdC0wOC4yNi4zMi00LmpwZWciLCJzbGlkZXNob3ciOiI3ZTliOWFmIn0%3D\" href='https:\/\/senadurulaw.com\/wp-content\/uploads\/2025\/08\/WhatsApp-Image-2025-08-24-at-08.26.32-4.jpeg'><img fetchpriority=\"high\" decoding=\"async\" width=\"1080\" height=\"1080\" src=\"https:\/\/senadurulaw.com\/wp-content\/uploads\/2025\/08\/WhatsApp-Image-2025-08-24-at-08.26.32-4.jpeg\" class=\"attachment-full size-full\" alt=\"\" srcset=\"https:\/\/senadurulaw.com\/wp-content\/uploads\/2025\/08\/WhatsApp-Image-2025-08-24-at-08.26.32-4.jpeg 1080w, https:\/\/senadurulaw.com\/wp-content\/uploads\/2025\/08\/WhatsApp-Image-2025-08-24-at-08.26.32-4-300x300.jpeg 300w, https:\/\/senadurulaw.com\/wp-content\/uploads\/2025\/08\/WhatsApp-Image-2025-08-24-at-08.26.32-4-1024x1024.jpeg 1024w, https:\/\/senadurulaw.com\/wp-content\/uploads\/2025\/08\/WhatsApp-Image-2025-08-24-at-08.26.32-4-150x150.jpeg 150w, https:\/\/senadurulaw.com\/wp-content\/uploads\/2025\/08\/WhatsApp-Image-2025-08-24-at-08.26.32-4-768x768.jpeg 768w, https:\/\/senadurulaw.com\/wp-content\/uploads\/2025\/08\/WhatsApp-Image-2025-08-24-at-08.26.32-4-12x12.jpeg 12w, https:\/\/senadurulaw.com\/wp-content\/uploads\/2025\/08\/WhatsApp-Image-2025-08-24-at-08.26.32-4-650x650.jpeg 650w, https:\/\/senadurulaw.com\/wp-content\/uploads\/2025\/08\/WhatsApp-Image-2025-08-24-at-08.26.32-4-600x600.jpeg 600w, https:\/\/senadurulaw.com\/wp-content\/uploads\/2025\/08\/WhatsApp-Image-2025-08-24-at-08.26.32-4-100x100.jpeg 100w\" sizes=\"(max-width: 1080px) 100vw, 1080px\" \/><\/a>\n\t\t\t<\/div><\/figure><figure class='gallery-item'>\n\t\t\t<div class='gallery-icon landscape'>\n\t\t\t\t<a data-elementor-open-lightbox=\"yes\" data-elementor-lightbox-slideshow=\"7e9b9af\" data-elementor-lightbox-title=\"WhatsApp Image 2025-08-24 at 08.26.32 (3)\" data-e-action-hash=\"#elementor-action%3Aaction%3Dlightbox%26settings%3DeyJpZCI6NjYyLCJ1cmwiOiJodHRwczpcL1wvc2VuYWR1cnVsYXcuY29tXC93cC1jb250ZW50XC91cGxvYWRzXC8yMDI1XC8wOFwvV2hhdHNBcHAtSW1hZ2UtMjAyNS0wOC0yNC1hdC0wOC4yNi4zMi0zLmpwZWciLCJzbGlkZXNob3ciOiI3ZTliOWFmIn0%3D\" href='https:\/\/senadurulaw.com\/wp-content\/uploads\/2025\/08\/WhatsApp-Image-2025-08-24-at-08.26.32-3.jpeg'><img decoding=\"async\" width=\"1080\" height=\"1080\" src=\"https:\/\/senadurulaw.com\/wp-content\/uploads\/2025\/08\/WhatsApp-Image-2025-08-24-at-08.26.32-3.jpeg\" class=\"attachment-full size-full\" alt=\"\" srcset=\"https:\/\/senadurulaw.com\/wp-content\/uploads\/2025\/08\/WhatsApp-Image-2025-08-24-at-08.26.32-3.jpeg 1080w, https:\/\/senadurulaw.com\/wp-content\/uploads\/2025\/08\/WhatsApp-Image-2025-08-24-at-08.26.32-3-300x300.jpeg 300w, https:\/\/senadurulaw.com\/wp-content\/uploads\/2025\/08\/WhatsApp-Image-2025-08-24-at-08.26.32-3-1024x1024.jpeg 1024w, https:\/\/senadurulaw.com\/wp-content\/uploads\/2025\/08\/WhatsApp-Image-2025-08-24-at-08.26.32-3-150x150.jpeg 150w, https:\/\/senadurulaw.com\/wp-content\/uploads\/2025\/08\/WhatsApp-Image-2025-08-24-at-08.26.32-3-768x768.jpeg 768w, https:\/\/senadurulaw.com\/wp-content\/uploads\/2025\/08\/WhatsApp-Image-2025-08-24-at-08.26.32-3-12x12.jpeg 12w, https:\/\/senadurulaw.com\/wp-content\/uploads\/2025\/08\/WhatsApp-Image-2025-08-24-at-08.26.32-3-650x650.jpeg 650w, https:\/\/senadurulaw.com\/wp-content\/uploads\/2025\/08\/WhatsApp-Image-2025-08-24-at-08.26.32-3-600x600.jpeg 600w, https:\/\/senadurulaw.com\/wp-content\/uploads\/2025\/08\/WhatsApp-Image-2025-08-24-at-08.26.32-3-100x100.jpeg 100w\" sizes=\"(max-width: 1080px) 100vw, 1080px\" \/><\/a>\n\t\t\t<\/div><\/figure><figure class='gallery-item'>\n\t\t\t<div class='gallery-icon landscape'>\n\t\t\t\t<a data-elementor-open-lightbox=\"yes\" data-elementor-lightbox-slideshow=\"7e9b9af\" data-elementor-lightbox-title=\"WhatsApp Image 2025-08-24 at 08.26.32 (2)\" data-e-action-hash=\"#elementor-action%3Aaction%3Dlightbox%26settings%3DeyJpZCI6NjYzLCJ1cmwiOiJodHRwczpcL1wvc2VuYWR1cnVsYXcuY29tXC93cC1jb250ZW50XC91cGxvYWRzXC8yMDI1XC8wOFwvV2hhdHNBcHAtSW1hZ2UtMjAyNS0wOC0yNC1hdC0wOC4yNi4zMi0yLmpwZWciLCJzbGlkZXNob3ciOiI3ZTliOWFmIn0%3D\" href='https:\/\/senadurulaw.com\/wp-content\/uploads\/2025\/08\/WhatsApp-Image-2025-08-24-at-08.26.32-2.jpeg'><img decoding=\"async\" width=\"1080\" height=\"1080\" src=\"https:\/\/senadurulaw.com\/wp-content\/uploads\/2025\/08\/WhatsApp-Image-2025-08-24-at-08.26.32-2.jpeg\" class=\"attachment-full size-full\" alt=\"\" srcset=\"https:\/\/senadurulaw.com\/wp-content\/uploads\/2025\/08\/WhatsApp-Image-2025-08-24-at-08.26.32-2.jpeg 1080w, https:\/\/senadurulaw.com\/wp-content\/uploads\/2025\/08\/WhatsApp-Image-2025-08-24-at-08.26.32-2-300x300.jpeg 300w, https:\/\/senadurulaw.com\/wp-content\/uploads\/2025\/08\/WhatsApp-Image-2025-08-24-at-08.26.32-2-1024x1024.jpeg 1024w, https:\/\/senadurulaw.com\/wp-content\/uploads\/2025\/08\/WhatsApp-Image-2025-08-24-at-08.26.32-2-150x150.jpeg 150w, https:\/\/senadurulaw.com\/wp-content\/uploads\/2025\/08\/WhatsApp-Image-2025-08-24-at-08.26.32-2-768x768.jpeg 768w, https:\/\/senadurulaw.com\/wp-content\/uploads\/2025\/08\/WhatsApp-Image-2025-08-24-at-08.26.32-2-12x12.jpeg 12w, https:\/\/senadurulaw.com\/wp-content\/uploads\/2025\/08\/WhatsApp-Image-2025-08-24-at-08.26.32-2-650x650.jpeg 650w, https:\/\/senadurulaw.com\/wp-content\/uploads\/2025\/08\/WhatsApp-Image-2025-08-24-at-08.26.32-2-600x600.jpeg 600w, https:\/\/senadurulaw.com\/wp-content\/uploads\/2025\/08\/WhatsApp-Image-2025-08-24-at-08.26.32-2-100x100.jpeg 100w\" sizes=\"(max-width: 1080px) 100vw, 1080px\" \/><\/a>\n\t\t\t<\/div><\/figure><figure class='gallery-item'>\n\t\t\t<div class='gallery-icon landscape'>\n\t\t\t\t<a data-elementor-open-lightbox=\"yes\" data-elementor-lightbox-slideshow=\"7e9b9af\" data-elementor-lightbox-title=\"WhatsApp Image 2025-08-24 at 08.26.32 (1)\" data-e-action-hash=\"#elementor-action%3Aaction%3Dlightbox%26settings%3DeyJpZCI6NjY0LCJ1cmwiOiJodHRwczpcL1wvc2VuYWR1cnVsYXcuY29tXC93cC1jb250ZW50XC91cGxvYWRzXC8yMDI1XC8wOFwvV2hhdHNBcHAtSW1hZ2UtMjAyNS0wOC0yNC1hdC0wOC4yNi4zMi0xLmpwZWciLCJzbGlkZXNob3ciOiI3ZTliOWFmIn0%3D\" href='https:\/\/senadurulaw.com\/wp-content\/uploads\/2025\/08\/WhatsApp-Image-2025-08-24-at-08.26.32-1.jpeg'><img loading=\"lazy\" decoding=\"async\" width=\"1080\" height=\"1080\" src=\"https:\/\/senadurulaw.com\/wp-content\/uploads\/2025\/08\/WhatsApp-Image-2025-08-24-at-08.26.32-1.jpeg\" class=\"attachment-full size-full\" alt=\"\" srcset=\"https:\/\/senadurulaw.com\/wp-content\/uploads\/2025\/08\/WhatsApp-Image-2025-08-24-at-08.26.32-1.jpeg 1080w, https:\/\/senadurulaw.com\/wp-content\/uploads\/2025\/08\/WhatsApp-Image-2025-08-24-at-08.26.32-1-300x300.jpeg 300w, https:\/\/senadurulaw.com\/wp-content\/uploads\/2025\/08\/WhatsApp-Image-2025-08-24-at-08.26.32-1-1024x1024.jpeg 1024w, https:\/\/senadurulaw.com\/wp-content\/uploads\/2025\/08\/WhatsApp-Image-2025-08-24-at-08.26.32-1-150x150.jpeg 150w, https:\/\/senadurulaw.com\/wp-content\/uploads\/2025\/08\/WhatsApp-Image-2025-08-24-at-08.26.32-1-768x768.jpeg 768w, https:\/\/senadurulaw.com\/wp-content\/uploads\/2025\/08\/WhatsApp-Image-2025-08-24-at-08.26.32-1-12x12.jpeg 12w, https:\/\/senadurulaw.com\/wp-content\/uploads\/2025\/08\/WhatsApp-Image-2025-08-24-at-08.26.32-1-650x650.jpeg 650w, https:\/\/senadurulaw.com\/wp-content\/uploads\/2025\/08\/WhatsApp-Image-2025-08-24-at-08.26.32-1-600x600.jpeg 600w, https:\/\/senadurulaw.com\/wp-content\/uploads\/2025\/08\/WhatsApp-Image-2025-08-24-at-08.26.32-1-100x100.jpeg 100w\" sizes=\"(max-width: 1080px) 100vw, 1080px\" \/><\/a>\n\t\t\t<\/div><\/figure><figure class='gallery-item'>\n\t\t\t<div class='gallery-icon landscape'>\n\t\t\t\t<a data-elementor-open-lightbox=\"yes\" data-elementor-lightbox-slideshow=\"7e9b9af\" data-elementor-lightbox-title=\"WhatsApp Image 2025-08-24 at 08.26.32\" data-e-action-hash=\"#elementor-action%3Aaction%3Dlightbox%26settings%3DeyJpZCI6NjY1LCJ1cmwiOiJodHRwczpcL1wvc2VuYWR1cnVsYXcuY29tXC93cC1jb250ZW50XC91cGxvYWRzXC8yMDI1XC8wOFwvV2hhdHNBcHAtSW1hZ2UtMjAyNS0wOC0yNC1hdC0wOC4yNi4zMi5qcGVnIiwic2xpZGVzaG93IjoiN2U5YjlhZiJ9\" href='https:\/\/senadurulaw.com\/wp-content\/uploads\/2025\/08\/WhatsApp-Image-2025-08-24-at-08.26.32.jpeg'><img loading=\"lazy\" decoding=\"async\" width=\"1080\" height=\"1080\" src=\"https:\/\/senadurulaw.com\/wp-content\/uploads\/2025\/08\/WhatsApp-Image-2025-08-24-at-08.26.32.jpeg\" class=\"attachment-full size-full\" alt=\"\" srcset=\"https:\/\/senadurulaw.com\/wp-content\/uploads\/2025\/08\/WhatsApp-Image-2025-08-24-at-08.26.32.jpeg 1080w, https:\/\/senadurulaw.com\/wp-content\/uploads\/2025\/08\/WhatsApp-Image-2025-08-24-at-08.26.32-300x300.jpeg 300w, https:\/\/senadurulaw.com\/wp-content\/uploads\/2025\/08\/WhatsApp-Image-2025-08-24-at-08.26.32-1024x1024.jpeg 1024w, https:\/\/senadurulaw.com\/wp-content\/uploads\/2025\/08\/WhatsApp-Image-2025-08-24-at-08.26.32-150x150.jpeg 150w, https:\/\/senadurulaw.com\/wp-content\/uploads\/2025\/08\/WhatsApp-Image-2025-08-24-at-08.26.32-768x768.jpeg 768w, https:\/\/senadurulaw.com\/wp-content\/uploads\/2025\/08\/WhatsApp-Image-2025-08-24-at-08.26.32-12x12.jpeg 12w, https:\/\/senadurulaw.com\/wp-content\/uploads\/2025\/08\/WhatsApp-Image-2025-08-24-at-08.26.32-650x650.jpeg 650w, https:\/\/senadurulaw.com\/wp-content\/uploads\/2025\/08\/WhatsApp-Image-2025-08-24-at-08.26.32-600x600.jpeg 600w, https:\/\/senadurulaw.com\/wp-content\/uploads\/2025\/08\/WhatsApp-Image-2025-08-24-at-08.26.32-100x100.jpeg 100w\" sizes=\"(max-width: 1080px) 100vw, 1080px\" \/><\/a>\n\t\t\t<\/div><\/figure>\n\t\t<\/div>\n\t\t<\/div>\n\t\t\t\t\t\t<\/div>\n\t\t\t\t<\/div>\n\t\t\t\t\t<\/div>\n\t\t\t\t<\/div>\n\t\t\t\t<section class=\"elementor-section elementor-top-section elementor-element elementor-element-1397718 elementor-section-boxed elementor-section-height-default elementor-section-height-default\" data-id=\"1397718\" data-element_type=\"section\">\n\t\t\t\t\t\t<div class=\"elementor-container elementor-column-gap-default\">\n\t\t\t\t\t<div class=\"elementor-column elementor-col-100 elementor-top-column elementor-element elementor-element-fa16f39 elementor-invisible\" data-id=\"fa16f39\" data-element_type=\"column\" data-settings=\"{&quot;background_background&quot;:&quot;classic&quot;,&quot;animation&quot;:&quot;fadeInUp&quot;,&quot;animation_delay&quot;:600}\">\n\t\t\t<div class=\"elementor-widget-wrap elementor-element-populated\">\n\t\t\t\t\t\t<div class=\"elementor-element elementor-element-2088f0d elementor-widget elementor-widget-heading\" data-id=\"2088f0d\" data-element_type=\"widget\" data-widget_type=\"heading.default\">\n\t\t\t\t<div class=\"elementor-widget-container\">\n\t\t\t\t\t<h3 class=\"elementor-heading-title elementor-size-default\"><b>DuruLegal: 4\u2019l\u00fc Uyum Paketi (KVKK + \u00c7erez)<\/b><\/h3>\t\t\t\t<\/div>\n\t\t\t\t<\/div>\n\t\t\t\t<div class=\"elementor-element elementor-element-9ab9888 elementor-widget elementor-widget-text-editor\" data-id=\"9ab9888\" data-element_type=\"widget\" data-widget_type=\"text-editor.default\">\n\t\t\t\t<div class=\"elementor-widget-container\">\n\t\t\t\t\t\t\t\t\t<p><strong>Kimler i\u00e7in:<\/strong> Yeni ba\u015flayanlar, mikro esnaflar, s\u0131n\u0131rl\u0131 b\u00fct\u00e7eli giri\u015fimler<\/p>\t\t\t\t\t\t\t\t<\/div>\n\t\t\t\t<\/div>\n\t\t\t\t<div class=\"elementor-element elementor-element-59d08bc elementor-widget__width-initial elementor-widget elementor-widget-heading\" data-id=\"59d08bc\" data-element_type=\"widget\" data-widget_type=\"heading.default\">\n\t\t\t\t<div class=\"elementor-widget-container\">\n\t\t\t\t\t<h3 class=\"elementor-heading-title elementor-size-default\">1990 TL<\/h3>\t\t\t\t<\/div>\n\t\t\t\t<\/div>\n\t\t\t\t<div class=\"elementor-element elementor-element-b40202e elementor-align-justify elementor-widget elementor-widget-button\" data-id=\"b40202e\" data-element_type=\"widget\" data-widget_type=\"button.default\">\n\t\t\t\t<div class=\"elementor-widget-container\">\n\t\t\t\t\t\t\t\t\t<div class=\"elementor-button-wrapper\">\n\t\t\t\t\t<a class=\"elementor-button elementor-button-link elementor-size-sm\" href=\"https:\/\/www.shopier.com\/38198945\" target=\"_blank\" rel=\"noopener\">\n\t\t\t\t\t\t<span class=\"elementor-button-content-wrapper\">\n\t\t\t\t\t\t\t\t\t<span class=\"elementor-button-text\">Sat\u0131n Al<\/span>\n\t\t\t\t\t<\/span>\n\t\t\t\t\t<\/a>\n\t\t\t\t<\/div>\n\t\t\t\t\t\t\t\t<\/div>\n\t\t\t\t<\/div>\n\t\t\t\t<div class=\"elementor-element elementor-element-cff60a4 elementor-align-center elementor-icon-list--layout-traditional elementor-list-item-link-full_width elementor-widget elementor-widget-icon-list\" data-id=\"cff60a4\" data-element_type=\"widget\" data-widget_type=\"icon-list.default\">\n\t\t\t\t<div class=\"elementor-widget-container\">\n\t\t\t\t\t\t\t<ul class=\"elementor-icon-list-items\">\n\t\t\t\t\t\t\t<li class=\"elementor-icon-list-item\">\n\t\t\t\t\t\t\t\t\t\t\t<span class=\"elementor-icon-list-icon\">\n\t\t\t\t\t\t\t<svg aria-hidden=\"true\" class=\"e-font-icon-svg e-fas-check\" viewbox=\"0 0 512 512\" xmlns=\"http:\/\/www.w3.org\/2000\/svg\"><path d=\"M173.898 439.404l-166.4-166.4c-9.997-9.997-9.997-26.206 0-36.204l36.203-36.204c9.997-9.998 26.207-9.998 36.204 0L192 312.69 432.095 72.596c9.997-9.997 26.207-9.997 36.204 0l36.203 36.204c9.997 9.997 9.997 26.206 0 36.204l-294.4 294.401c-9.998 9.997-26.207 9.997-36.204-.001z\"><\/path><\/svg>\t\t\t\t\t\t<\/span>\n\t\t\t\t\t\t\t\t\t\t<span class=\"elementor-icon-list-text\">KVKK Ayd\u0131nlatma Metni<\/span>\n\t\t\t\t\t\t\t\t\t<\/li>\n\t\t\t\t\t\t\t\t<li class=\"elementor-icon-list-item\">\n\t\t\t\t\t\t\t\t\t\t\t<span class=\"elementor-icon-list-icon\">\n\t\t\t\t\t\t\t<svg aria-hidden=\"true\" class=\"e-font-icon-svg e-fas-check\" viewbox=\"0 0 512 512\" xmlns=\"http:\/\/www.w3.org\/2000\/svg\"><path d=\"M173.898 439.404l-166.4-166.4c-9.997-9.997-9.997-26.206 0-36.204l36.203-36.204c9.997-9.998 26.207-9.998 36.204 0L192 312.69 432.095 72.596c9.997-9.997 26.207-9.997 36.204 0l36.203 36.204c9.997 9.997 9.997 26.206 0 36.204l-294.4 294.401c-9.998 9.997-26.207 9.997-36.204-.001z\"><\/path><\/svg>\t\t\t\t\t\t<\/span>\n\t\t\t\t\t\t\t\t\t\t<span class=\"elementor-icon-list-text\">KVKK A\u00e7\u0131k R\u0131za Metni<\/span>\n\t\t\t\t\t\t\t\t\t<\/li>\n\t\t\t\t\t\t\t\t<li class=\"elementor-icon-list-item\">\n\t\t\t\t\t\t\t\t\t\t\t<span class=\"elementor-icon-list-icon\">\n\t\t\t\t\t\t\t<svg aria-hidden=\"true\" class=\"e-font-icon-svg e-fas-check\" viewbox=\"0 0 512 512\" xmlns=\"http:\/\/www.w3.org\/2000\/svg\"><path d=\"M173.898 439.404l-166.4-166.4c-9.997-9.997-9.997-26.206 0-36.204l36.203-36.204c9.997-9.998 26.207-9.998 36.204 0L192 312.69 432.095 72.596c9.997-9.997 26.207-9.997 36.204 0l36.203 36.204c9.997 9.997 9.997 26.206 0 36.204l-294.4 294.401c-9.998 9.997-26.207 9.997-36.204-.001z\"><\/path><\/svg>\t\t\t\t\t\t<\/span>\n\t\t\t\t\t\t\t\t\t\t<span class=\"elementor-icon-list-text\">\u00c7erez Politikas\u0131<\/span>\n\t\t\t\t\t\t\t\t\t<\/li>\n\t\t\t\t\t\t\t\t<li class=\"elementor-icon-list-item\">\n\t\t\t\t\t\t\t\t\t\t\t<span class=\"elementor-icon-list-icon\">\n\t\t\t\t\t\t\t<svg aria-hidden=\"true\" class=\"e-font-icon-svg e-fas-check\" viewbox=\"0 0 512 512\" xmlns=\"http:\/\/www.w3.org\/2000\/svg\"><path d=\"M173.898 439.404l-166.4-166.4c-9.997-9.997-9.997-26.206 0-36.204l36.203-36.204c9.997-9.998 26.207-9.998 36.204 0L192 312.69 432.095 72.596c9.997-9.997 26.207-9.997 36.204 0l36.203 36.204c9.997 9.997 9.997 26.206 0 36.204l-294.4 294.401c-9.998 9.997-26.207 9.997-36.204-.001z\"><\/path><\/svg>\t\t\t\t\t\t<\/span>\n\t\t\t\t\t\t\t\t\t\t<span class=\"elementor-icon-list-text\">KVKK Politikas\u0131<\/span>\n\t\t\t\t\t\t\t\t\t<\/li>\n\t\t\t\t\t\t<\/ul>\n\t\t\t\t\t\t<\/div>\n\t\t\t\t<\/div>\n\t\t\t\t\t<\/div>\n\t\t<\/div>\n\t\t\t\t\t<\/div>\n\t\t<\/section>\n\t\t\t\t<\/div>","protected":false},"excerpt":{"rendered":"<p>DuruLegal: 4\u2019l\u00fc Uyum Paketi (KVKK + \u00c7erez) Kimler i\u00e7in: Yeni ba\u015flayanlar, mikro esnaflar, s\u0131n\u0131rl\u0131 b\u00fct\u00e7eli giri\u015fimler 1990 TL Sat\u0131n Al KVKK Ayd\u0131nlatma [&hellip;]<\/p>","protected":false},"author":1,"featured_media":0,"parent":0,"menu_order":0,"comment_status":"closed","ping_status":"closed","template":"","meta":{"footnotes":""},"class_list":["post-666","page","type-page","status-publish","hentry"],"_links":{"self":[{"href":"https:\/\/senadurulaw.com\/en\/wp-json\/wp\/v2\/pages\/666","targetHints":{"allow":["GET"]}}],"collection":[{"href":"https:\/\/senadurulaw.com\/en\/wp-json\/wp\/v2\/pages"}],"about":[{"href":"https:\/\/senadurulaw.com\/en\/wp-json\/wp\/v2\/types\/page"}],"author":[{"embeddable":true,"href":"https:\/\/senadurulaw.com\/en\/wp-json\/wp\/v2\/users\/1"}],"replies":[{"embeddable":true,"href":"https:\/\/senadurulaw.com\/en\/wp-json\/wp\/v2\/comments?post=666"}],"version-history":[{"count":6,"href":"https:\/\/senadurulaw.com\/en\/wp-json\/wp\/v2\/pages\/666\/revisions"}],"predecessor-version":[{"id":672,"href":"https:\/\/senadurulaw.com\/en\/wp-json\/wp\/v2\/pages\/666\/revisions\/672"}],"wp:attachment":[{"href":"https:\/\/senadurulaw.com\/en\/wp-json\/wp\/v2\/media?parent=666"}],"curies":[{"name":"wp","href":"https:\/\/api.w.org\/{rel}","templated":true}]}}