{"id":701,"date":"2025-09-30T20:33:44","date_gmt":"2025-09-30T17:33:44","guid":{"rendered":"https:\/\/senadurulaw.com\/?page_id=701"},"modified":"2025-09-30T20:33:44","modified_gmt":"2025-09-30T17:33:44","slug":"gizlilik-ve-cerez-politikasi","status":"publish","type":"page","link":"https:\/\/senadurulaw.com\/en\/gizlilik-ve-cerez-politikasi\/","title":{"rendered":"Gizlilik ve \u00c7erez Politikas\u0131"},"content":{"rendered":"<p class=\"s4\">Avukat Sena Duru\u2019ya (bundan sonra \u201c<span class=\"s2\">\u015eirket<\/span>\u201d olarak an\u0131lacakt\u0131r)ait\u00a0www.senadurulaw.com\u00a0internet sitemizde (\u201c<span class=\"s2\">Site<\/span>\u201d) \u00e7e\u015fitli \u00e7erezler kullanmakta oldu\u011fumuzu belirtmek isteriz. \u015eirket olarak, internet sitemizin ziyaret\u00e7ilerine\/kullan\u0131c\u0131lar\u0131na ait ki\u015fisel verileri, 6698 say\u0131l\u0131 Ki\u015fisel Verilerin Korunmas\u0131 Kanunu ve ilgili sair mevzuat\u0131na (\u201c<span class=\"s2\">KVK <\/span><span class=\"s2\">Mevzuat\u0131<\/span>\u201c) uygun olarak i\u015flenmesi i\u00e7in azami hassasiyeti g\u00f6stermekteyiz.<\/p>\n<p class=\"s4\">\u0130\u015fbu \u00c7erez Politikas\u0131\u2019n\u0131n amac\u0131, taraf\u0131m\u0131zca i\u015fletilmekte olan\u00a0www.senadurulaw.com\u00a0internet sitesinin (\u201c<span class=\"s2\">Site<\/span>\u201c) site ziyaret\u00e7ileri\/kullan\u0131c\u0131lar\u0131\/\u00fcyeleri (\u201c<span class=\"s2\">\u0130lgili Ki\u015fi<\/span>\u201d) taraf\u0131ndan ziyaret edilmesi ile elde edilen \u00e7erezlerin, t\u00fcrleri ve kullan\u0131m ama\u00e7lar\u0131 hakk\u0131nda ilgili sizleri bilgilendirmektir.<\/p>\n<p class=\"s4\"><span class=\"s2\">\u00c7erez Nedir?\u00a0\u00a0<\/span><\/p>\n<p class=\"s4\">\u00c7erezler, bir internet sitesini ziyaret etti\u011finiz zaman bilgisayar veya mobil cihaz\u0131n\u0131zda saklanan ve s\u00f6z konusu cihaz\u0131n tespit edilmesine olanak sa\u011flayan, \u00e7o\u011funlukla harf veya say\u0131lardan olu\u015fan k\u00fc\u00e7\u00fck metin dosyalar\u0131d\u0131r.<\/p>\n<p class=\"s4\"><span class=\"s2\">\u00c7erezler Vas\u0131tas\u0131yla \u0130\u015flenen Ki\u015fisel Verileriniz Nelerdir?<\/span><\/p>\n<p class=\"s4\">\u00c7erezler vas\u0131tas\u0131yla Site \u00fczerindeki kullan\u0131m ve ziyaret al\u0131\u015fkanl\u0131klar\u0131n\u0131z, oturum bilgileriniz, ge\u00e7mi\u015f i\u015flemleriniz ve gezinme bilgileriniz i\u015flenmektedir.<\/p>\n<p class=\"s4\">\u015eirket olarak, g\u00fcnl\u00fck dosyalar ve\/veya \u00fc\u00e7\u00fcnc\u00fc taraf kaynaklar\u0131 yoluyla toplad\u0131\u011f\u0131m\u0131z \u00e7erezlerden olu\u015fan ki\u015fisel verilerinizi, KVK Mevzuat\u0131na uygun olarak ve a\u015fa\u011f\u0131da belirtilen ama\u00e7lar ile s\u0131n\u0131rl\u0131 olmak kayd\u0131yla i\u015flemekteyiz:<\/p>\n<div class=\"s6\"><span class=\"s5\">\u2022 <\/span>Site ziyaret\u00e7ilerimize daha iyi hizmet sa\u011flayabilmek amac\u0131yla Site \u00fczerinde gezinme bilgileriniz i\u015flenmekte, bu ama\u00e7 ile s\u0131n\u0131rl\u0131 olarak \u00fc\u00e7\u00fcnc\u00fc ki\u015filerle payla\u015f\u0131lmakta ve g\u00fcvenli olarak saklanmaktad\u0131r.<\/div>\n<div class=\"s6\"><span class=\"s5\">\u2022 <\/span>Tercihlerinizle ilgili bir \u00f6zet olu\u015fturmak amac\u0131yla ge\u00e7mi\u015f i\u015flemleriniz depolanmaktad\u0131r.<\/div>\n<div class=\"s6\"><span class=\"s5\">\u2022 <\/span>Site\u2019nin nas\u0131l kullan\u0131ld\u0131\u011f\u0131n\u0131 analiz etmek ve Site\u2019yi kullan\u0131m deneyiminizi iyile\u015ftirmek ama\u00e7lar\u0131yla i\u015flevsel ve analitik \u00e7erezler kullan\u0131lmaktad\u0131r.<\/div>\n<p class=\"s4\">\u015eirket, \u00e7evrimi\u00e7i ve \u00e7evrimd\u0131\u015f\u0131 olarak farkl\u0131 y\u00f6ntemlerle toplanan bilgileri veya farkl\u0131 zamanlarda Site \u00fczerinde sizden toplanan bilgileri e\u015fle\u015ftirebilir ve bu bilgileri \u00fc\u00e7\u00fcnc\u00fc taraflar gibi ba\u015fka kaynaklardan al\u0131nan bilgilerle birlikte kullanabilir.<\/p>\n<p class=\"s4\"><span class=\"s2\">Hangi \u00c7erez T\u00fcrleri Kullan\u0131lmaktad\u0131r?<\/span><\/p>\n<p class=\"s4\">Yukar\u0131da bahsedilen internet sitesinin ziyaret\u00e7ileri ve kullan\u0131c\u0131lar\u0131 ile ilgili \u00e7erezleri i\u015fleriz. Bununla birlikte internet sitemiz \u00fczerinde hem birinci parti \u00e7erezler (do\u011frudan bizim taraf\u0131m\u0131zdan yerle\u015ftirilen) hem de \u00fc\u00e7\u00fcnc\u00fc parti \u00e7erezler (bizim haricimizdeki sunucular taraf\u0131ndan yerle\u015ftirilen) kullan\u0131lmaktad\u0131r. Kulland\u0131\u011f\u0131m\u0131z ve sorumlulu\u011funu \u00fcstlendi\u011fimiz birinci parti \u00e7erez t\u00fcrleri \u015fu \u015fekildedir:<\/p>\n<p class=\"s4\"><span class=\"s2\">Zorunlu (Temel) \u00c7erezler:<\/span>\u00a0Sitede yer alan fonksiyonlar\u0131n d\u00fczg\u00fcn bir \u015fekilde \u00e7al\u0131\u015fabilmesi ve adres \u00fczerinden sunulan hizmetin eksiksiz yerine getirilebilmesi i\u00e7in kullan\u0131m\u0131 zorunlu olan \u00e7erezlerdir. \u00d6rne\u011fin, adreste oturum a\u00e7t\u0131\u011f\u0131n\u0131zda devreye giren kimlik do\u011frulama \u00e7erezleri, bir sayfadan di\u011ferine ge\u00e7i\u015finizde etkin olan oturumunuzun devam etmesini sa\u011flamaktad\u0131r. Bu \u00e7erezlerin devre d\u0131\u015f\u0131 b\u0131rak\u0131lmas\u0131 fonksiyonlar\u0131n kullan\u0131lamaz hale gelmesine neden olabilir.<\/p>\n<p class=\"s4\"><span class=\"s2\">Kal\u0131c\u0131 \u00c7erezler:<\/span>\u00a0Sitenin i\u015flevselli\u011fini art\u0131rmak, ziyaret\u00e7ilerimize daha h\u0131zl\u0131 ve iyi bir hizmet sunmak amac\u0131yla kullan\u0131lan ve taray\u0131c\u0131lar vas\u0131tas\u0131yla taraf\u0131n\u0131zca silininceye dek veya son kullan\u0131m tarihine kadar ge\u00e7erlili\u011fini koruyan \u00e7erezlerdir. Bu t\u00fcr \u00e7erezler, yapt\u0131\u011f\u0131n\u0131z tercihleri hat\u0131rlamak ve kullan\u0131m\u0131n\u0131z\u0131 ki\u015fiselle\u015ftirmek i\u00e7in kullan\u0131r. Bu \u00e7erezler, kullan\u0131m parolan\u0131z\u0131 kaydeden ve oturumunuzun s\u00fcrekli a\u00e7\u0131k kalmas\u0131n\u0131 sa\u011flayan, b\u00f6ylece her ziyaretinizde birden fazla kez parola girme zahmetinden kurtaran, adresi daha sonraki ziyaretlerinizde sizi hat\u0131rlayan ve tan\u0131yan \u00e7erezleri i\u00e7erir.<\/p>\n<p class=\"s4\"><span class=\"s2\">Oturum \u00c7erezleri:<\/span>\u00a0Siteyi ziyaretiniz s\u00fcresince kullan\u0131lan, taray\u0131c\u0131 kapat\u0131ld\u0131ktan sonra silinen ge\u00e7ici \u00e7erezlerdir. Bu t\u00fcr \u00e7erezler, ki\u015fisel veri i\u00e7ermezler ve ki\u015fisel verilerin internette aktar\u0131lma ihtiyac\u0131n\u0131 azaltmaya yard\u0131m eder. Bu \u00e7erezleri silebilir veya kullan\u0131lmalar\u0131n\u0131 engelleyebilirsiniz; ancak, bu \u00e7erezlerin devre d\u0131\u015f\u0131 b\u0131rak\u0131lmas\u0131, Site performans\u0131n\u0131n d\u00fc\u015fmesine ve kullan\u0131c\u0131 deneyiminizin k\u0131s\u0131tlanmas\u0131na neden olabilir.<\/p>\n<p class=\"s4\"><span class=\"s2\">Performans\/Analitik \u00c7erezler:<\/span>\u00a0Performans ve analiz \u00e7erezleri, sitenin iyile\u015ftirilmesi i\u00e7in kullan\u0131l\u0131r. \u0130nternet sitesi taraf\u0131ndan, tekil ziyaret\u00e7ilerin say\u0131s\u0131n\u0131 tahmin etmek, bir internet sayfas\u0131na g\u00f6t\u00fcren en \u00f6nemli arama motoru anahtar kelimelerini tespit etmek veya internet sitesinde gezinme durumunu izlemek i\u00e7in kullan\u0131lmaktad\u0131rlar.<\/p>\n<p class=\"s4\"><span class=\"s2\">Hedefleme ve Reklam \u00c7erezleri:<\/span>\u00a0Bu \u00e7erezler, profilinizi olu\u015fturmak ve ilgi alanlar\u0131n\u0131zla alakal\u0131 reklamlar sunmak i\u00e7in kullan\u0131lmaktad\u0131r. Ayn\u0131 zamanda, reklam kampanyas\u0131n\u0131n etkinli\u011fini \u00f6l\u00e7meye yard\u0131mc\u0131 olmas\u0131n\u0131n yan\u0131 s\u0131ra, bir reklam\u0131 g\u00f6rme say\u0131s\u0131n\u0131 s\u0131n\u0131rlamak i\u00e7in de kullan\u0131lmaktad\u0131r. Genellikle web sitesi sahibinin izniyle reklam a\u011flar\u0131na yerle\u015ftirilir (\u00d6rne\u011fin; sosyal medya siteleri). Web sitesini ziyaretinize ili\u015fkin bilgiler reklam verenler di\u011fer kurulu\u015flarla payla\u015f\u0131lmaktad\u0131r. Bu \u00e7erezlere izin verilmemesi durumunda, farkl\u0131 web sitelerinde hedefli reklamlar\u0131m\u0131z\u0131 deneyimlenememektedir.<\/p>\n<p class=\"s4\"><span class=\"s2\">\u0130\u015flevsellik ve Tercih \u00c7erezleri:\u00a0<\/span>\u0130nternet sitesini ziyaret eden kullan\u0131c\u0131lar\u0131n tercihlerine dayal\u0131 olarak site i\u00e7eri\u011fini onlar i\u00e7in bireyselle\u015ftirmeyi sa\u011flar. Bu \u00e7erezlerin kullan\u0131m\u0131n\u0131n engellenmesi m\u00fcmk\u00fcnd\u00fcr.<\/p>\n<p class=\"s4\"><span class=\"s2\">\u00c7erez Kullan\u0131m\u0131n\u0131 Nas\u0131l Kontrol Edebilirsiniz?\u00a0\u00a0<\/span><\/p>\n<p class=\"s4\">www.senadurulaw.com\u00a0internet sitemizi ziyaret etmek ve kullanmak i\u00e7in \u00e7erezlerin i\u015flenmesi zorunlu de\u011fildir;\u00a0<span class=\"s7\">taray\u0131c\u0131n\u0131z\u0131n ayarlar\u0131n\u0131 de\u011fi\u015ftirerek \u00e7erezlere ili\u015fkin tercihlerinizi ki\u015fiselle\u015ftirme imk<\/span><span class=\"s7\">a<\/span><span class=\"s7\">n\u0131na sahipsiniz.<\/span><\/p>\n<p class=\"s4\">Taray\u0131c\u0131n\u0131z\u0131 t\u00fcm \u00e7erezleri engelleyecek \u015fekilde ayarlaman\u0131z halinde, internet sitemizi kullanmaya devam edebilirsiniz; ancak bu durumda internet sitemizin t\u00fcm fonksiyonlara eri\u015femeyebilir veya eri\u015fiminiz s\u0131n\u0131rl\u0131 olabilir, kullan\u0131c\u0131 deneyiminizin kalitesi d\u00fc\u015febilir.<\/p>\n<table>\n<tbody>\n<tr>\n<td class=\"s8\">\n<div>\n<p class=\"s4\">Google Analytics<\/p>\n<\/div>\n<\/td>\n<td class=\"s8\">\n<div>\n<p><a href=\"https:\/\/tools.google.com\/dlpage\/gaoptout\" target=\"_blank\" rel=\"noopener\"><span class=\"s9\">https:\/\/tools.google.com<\/span><span class=\"s9\">\/<\/span><span class=\"s9\">dlpage\/gaoptout<\/span><\/a><\/p>\n<\/div>\n<\/td>\n<\/tr>\n<tr>\n<td class=\"s8\">\n<div>\n<p class=\"s4\">Google Chrome<\/p>\n<\/div>\n<\/td>\n<td class=\"s8\">\n<div>\n<p><a href=\"https:\/\/www.google.com\/support\/chrome\/bin\/answer.py?hl=en&amp;answer=95647\" target=\"_blank\" rel=\"noopener\"><span class=\"s9\">http:\/\/www.google.com\/support\/chrome\/bin\/answer.py?hl=en&amp;answer=95647<\/span><\/a><\/p>\n<\/div>\n<\/td>\n<\/tr>\n<tr>\n<td class=\"s8\">\n<div>\n<p class=\"s4\">Internet Explorer<\/p>\n<\/div>\n<\/td>\n<td class=\"s8\">\n<div>\n<p><a href=\"https:\/\/support.microsoft.com\/en-us\/help\/17442\/windows-internet-explorer-\" target=\"_blank\" rel=\"noopener\"><span class=\"s9\">https:\/\/support.microsoft.com\/en-us\/help\/17442\/windows-internet-explorer-\u00a0<\/span><\/a><\/p>\n<p><a href=\"https:\/\/support.microsoft.com\/en-us\/help\/17442\/windows-internet-explorer-delete-manage-cookies\" target=\"_blank\" rel=\"noopener\"><span class=\"s9\">delete<\/span><span class=\"s9\">-manage-cookies<\/span><\/a><\/p>\n<\/div>\n<\/td>\n<\/tr>\n<tr>\n<td class=\"s8\">\n<div>\n<p class=\"s4\">Mozilla Firefox<\/p>\n<\/div>\n<\/td>\n<td class=\"s8\">\n<div>\n<p><a href=\"https:\/\/support.mozilla.com\/en-US\/kb\/Cookies\" target=\"_blank\" rel=\"noopener\"><span class=\"s9\">http:\/\/support.mozilla.com\/en-US\/kb\/Cookies<\/span><\/a><\/p>\n<\/div>\n<\/td>\n<\/tr>\n<tr>\n<td class=\"s8\">\n<div>\n<p class=\"s4\">Opera<\/p>\n<\/div>\n<\/td>\n<td class=\"s8\">\n<div>\n<p><a href=\"https:\/\/www.opera.com\/browser\/tutorials\/security\/privacy\/\" target=\"_blank\" rel=\"noopener\"><span class=\"s9\">http:\/\/www.opera.com\/browser\/tutorials\/security\/privacy\/<\/span><\/a><\/p>\n<\/div>\n<\/td>\n<\/tr>\n<tr>\n<td class=\"s8\">\n<div>\n<p class=\"s4\">Safari<\/p>\n<\/div>\n<\/td>\n<td class=\"s8\">\n<div>\n<p><a href=\"https:\/\/support.apple.com\/kb\/ph19214?locale=tr%20TR\" target=\"_blank\" rel=\"noopener\"><span class=\"s9\">https:\/\/support.apple.com\/kb\/ph19214?locale=tr TR<\/span><\/a><\/p>\n<\/div>\n<\/td>\n<\/tr>\n<\/tbody>\n<\/table>\n<p class=\"s4\"><span class=\"s2\">Veri Sahibi Olarak Haklar\u0131n\u0131z Nelerdir?<\/span><\/p>\n<p class=\"s4\">KVKK\u2019n\u0131n 11. maddesi uyar\u0131nca ki\u015fisel verilerinizin,<\/p>\n<div class=\"s6\"><span class=\"s5\">\u2022 <\/span>\u0130\u015flenip i\u015flenmedi\u011fini \u00f6\u011frenme,<\/div>\n<div class=\"s6\"><span class=\"s5\">\u2022 <\/span>\u0130\u015flenmi\u015fse buna ili\u015fkin bilgi talep etme,<\/div>\n<div class=\"s6\"><span class=\"s5\">\u2022 <\/span>\u0130\u015flenme amac\u0131n\u0131 ve bunlar\u0131n amac\u0131na uygun kullan\u0131l\u0131p kullan\u0131lmad\u0131\u011f\u0131n\u0131 \u00f6\u011frenme,<\/div>\n<div class=\"s6\"><span class=\"s5\">\u2022 <\/span>Yurt i\u00e7inde veya yurt d\u0131\u015f\u0131nda ki\u015fisel verilerin aktar\u0131ld\u0131\u011f\u0131 \u00fc\u00e7\u00fcnc\u00fc ki\u015fileri bilme,<\/div>\n<div class=\"s6\"><span class=\"s5\">\u2022 <\/span>Ki\u015fisel verilerin eksik veya yanl\u0131\u015f i\u015flenmi\u015f olmas\u0131 h\u00e2linde bunlar\u0131n d\u00fczeltilmesini isteme ve bu kapsamda yap\u0131lan i\u015flemin ki\u015fisel verilerin aktar\u0131ld\u0131\u011f\u0131 \u00fc\u00e7\u00fcnc\u00fc ki\u015filere bildirilmesini isteme,<\/div>\n<div class=\"s6\"><span class=\"s5\">\u2022 <\/span>KVKK ve ilgili di\u011fer kanun h\u00fck\u00fcmlerine uygun olarak i\u015flenmi\u015f olmas\u0131na ra\u011fmen, i\u015flenmesini gerektiren sebeplerin ortadan kalkmas\u0131 halinde ki\u015fisel verilerin silinmesini veya yok edilmesini isteme ve bu kapsamda yap\u0131lan i\u015flemin ki\u015fisel verilerin aktar\u0131ld\u0131\u011f\u0131 \u00fc\u00e7\u00fcnc\u00fc ki\u015filere bildirilmesini isteme,<\/div>\n<div class=\"s6\"><span class=\"s5\">\u2022 <\/span>\u0130\u015flenen verilerin m\u00fcnhas\u0131ran otomatik sistemler vas\u0131tas\u0131yla analiz edilmesi suretiyle ki\u015finin kendisi aleyhine bir sonucun ortaya \u00e7\u0131kmas\u0131na itiraz etme,<\/div>\n<div class=\"s6\"><span class=\"s5\">\u2022 <\/span>Ki\u015fisel verilerin kanuna ayk\u0131r\u0131 olarak i\u015flenmesi sebebiyle zarara u\u011framas\u0131 halinde zarar\u0131n giderilmesini talep etme haklar\u0131na sahip oldu\u011funuzu bildirmek isteriz.<\/div>\n<p class=\"s4\">KVKK\u2019n\u0131n 11. maddesi kapsam\u0131ndaki haklar\u0131n\u0131z sakl\u0131 olup; s\u00f6z konusu haklar\u0131n\u0131za ili\u015fkin taleplerinizi, mektup, telefon veya e-mail yoluyla, \u015fahsen ba\u015fvurarak veya noter arac\u0131l\u0131\u011f\u0131yla iletebilirsiniz.<\/p>\n<p class=\"s4\">Taraf\u0131m\u0131za iletilmesinden itibaren en ge\u00e7 30 g\u00fcn i\u00e7inde talepleriniz \u00fccretsiz bir \u015fekilde sonu\u00e7land\u0131r\u0131lacakt\u0131r.<\/p>\n<p class=\"s4\">","protected":false},"excerpt":{"rendered":"<p>Avukat Sena Duru\u2019ya (bundan sonra \u201c\u015eirket\u201d olarak an\u0131lacakt\u0131r)ait\u00a0www.senadurulaw.com\u00a0internet sitemizde (\u201cSite\u201d) \u00e7e\u015fitli \u00e7erezler kullanmakta oldu\u011fumuzu belirtmek isteriz. \u015eirket olarak, internet sitemizin ziyaret\u00e7ilerine\/kullan\u0131c\u0131lar\u0131na ait [&hellip;]<\/p>","protected":false},"author":1,"featured_media":0,"parent":0,"menu_order":0,"comment_status":"closed","ping_status":"closed","template":"","meta":{"footnotes":""},"class_list":["post-701","page","type-page","status-publish","hentry"],"_links":{"self":[{"href":"https:\/\/senadurulaw.com\/en\/wp-json\/wp\/v2\/pages\/701","targetHints":{"allow":["GET"]}}],"collection":[{"href":"https:\/\/senadurulaw.com\/en\/wp-json\/wp\/v2\/pages"}],"about":[{"href":"https:\/\/senadurulaw.com\/en\/wp-json\/wp\/v2\/types\/page"}],"author":[{"embeddable":true,"href":"https:\/\/senadurulaw.com\/en\/wp-json\/wp\/v2\/users\/1"}],"replies":[{"embeddable":true,"href":"https:\/\/senadurulaw.com\/en\/wp-json\/wp\/v2\/comments?post=701"}],"version-history":[{"count":2,"href":"https:\/\/senadurulaw.com\/en\/wp-json\/wp\/v2\/pages\/701\/revisions"}],"predecessor-version":[{"id":704,"href":"https:\/\/senadurulaw.com\/en\/wp-json\/wp\/v2\/pages\/701\/revisions\/704"}],"wp:attachment":[{"href":"https:\/\/senadurulaw.com\/en\/wp-json\/wp\/v2\/media?parent=701"}],"curies":[{"name":"wp","href":"https:\/\/api.w.org\/{rel}","templated":true}]}}