{"id":705,"date":"2025-09-30T20:34:19","date_gmt":"2025-09-30T17:34:19","guid":{"rendered":"https:\/\/senadurulaw.com\/?page_id=705"},"modified":"2025-09-30T20:34:19","modified_gmt":"2025-09-30T17:34:19","slug":"kvkk-aydinlatma-ve-acik-riza-metni","status":"publish","type":"page","link":"https:\/\/senadurulaw.com\/en\/kvkk-aydinlatma-ve-acik-riza-metni\/","title":{"rendered":"KVKK Ayd\u0131nlatma ve A\u00e7\u0131k R\u0131za Metni"},"content":{"rendered":"<p class=\"s3\"><span class=\"s2\">6698 Say\u0131l\u0131 Ki\u015fisel Verilerin Korumas\u0131 Kanunu (K<\/span><span class=\"s2\">VKK<\/span><span class=\"s2\">) Kapsam\u0131nda<\/span><\/p>\n<p class=\"s3\"><span class=\"s2\">Ayd\u0131nlatma <\/span><span class=\"s2\">v<\/span><span class=\"s2\">e A\u00e7\u0131k R\u0131za Metni<\/span><\/p>\n<p class=\"s5\"><a href=\"http:\/\/www.senadurulaw.com\/\"><span class=\"s4\">www.senadurulaw.com<\/span><\/a> (\u201cAvukat Sena Duru\u201d veya \u201cSenaDuruLaw\u201d), veri sorumlusu olarak dan\u0131\u015fanlar\u0131n\u0131n, m\u00fcvekkillerinin, web sitesini ziyaret eden ziyaret\u00e7ilerin ki\u015fisel verilerini\u00a0gerekti\u011finde\u00a0\u00e7e\u015fitli formlar, e-mail, telefon veya di\u011fer elveri\u015fli y\u00f6ntemlerle toplamakta, i\u015flemekte, g\u00fcncellemekte, saklamakta, s\u0131n\u0131fland\u0131rmaktad\u0131r. Ancak SenaDuruLaw, 6698 Say\u0131l\u0131 Kanun gere\u011fi gerekli teknik ve idari tedbirleri alarak bu verilerinizi korumaktad\u0131r.<\/p>\n<p class=\"s5\">Ki\u015fisel veri; kimli\u011fi belirli veya belirlenebilir ger\u00e7ek ki\u015fiye ili\u015fkin her t\u00fcrl\u00fc bilgiyi ifade eder.<\/p>\n<p class=\"s5\">Ki\u015fisel verilerin i\u015flenmesi; ki\u015fisel verilerin elde edilmesi, kaydedilmesi, depolanmas\u0131, muhafaza edilmesi, de\u011fi\u015ftirilmesi, yeniden d\u00fczenlenmesi, a\u00e7\u0131klanmas\u0131, aktar\u0131lmas\u0131, devredilmesi, elde edilebilir hale getirilmesi, s\u0131n\u0131fland\u0131r\u0131lmas\u0131, kullan\u0131lmas\u0131n\u0131n engellenmesi dahil olmak \u00fczere topland\u0131ktan sonra silme, yok etme ya da anonim hale getirme a\u015famalar\u0131n\u0131 i\u00e7eren her t\u00fcrl\u00fc faaliyettir.<\/p>\n<p class=\"s3\"><span class=\"s2\">Ki\u015fisel Verilerin Toplanmas\u0131 ve \u0130\u015flenmesi<\/span><\/p>\n<p class=\"s5\">SenaDuruLaw, internet \u00fczerinden web sitesinde (www.senadurulaw.com) ve hukuk b\u00fcrosunda i\u015flenme ihtimali bulunan verileriniz ile ilgili olarak veri sorumlusudur.<\/p>\n<p class=\"s5\">A\u015fa\u011f\u0131da yer alan verileriniz ofiste fiziksel olarak haz\u0131rlanan formlar veya internet sitesi \u00fczerinden elektronik bir \u015fekilde beyan, bilgi ve onay\u0131n\u0131z do\u011frultusunda toplanabilecektir:<\/p>\n<p class=\"s5\">\u0130leti\u015fim b\u00f6l\u00fcm\u00fcndeki bilgi formunu kullanarak web sitemiz \u00fczerinde bize ula\u015fman\u0131z halinde belirtti\u011finiz ad ve soyad, e-mail ve telefon numaran\u0131z ve form i\u00e7eri\u011finde verdi\u011finiz ki\u015fisel bilgiler taraf\u0131m\u0131zdan toplanarak i\u015flenebilecektir.<\/p>\n<p class=\"s5\">Hukuki zorunluluk nedeniyle; internet sitesine ger\u00e7ekle\u015ftirdi\u011finiz ziyarete ili\u015fkin; ba\u011flant\u0131\/\u00e7\u0131k\u0131\u015f tarih ve saat bilgisi, internet protokol\u00fc, kaynak ve hedef nokta bilgileri ile konum bilgisi, internet sitesini daha etkili, kolay ve h\u0131zl\u0131 kullanman\u0131z\u0131 sa\u011flama, site hizmet ve faaliyetlerini ihtiya\u00e7lar\u0131n\u0131z do\u011frultusunda \u00f6zelle\u015ftirme, \u00fc\u00e7\u00fcnc\u00fc ki\u015fi web sitelerin size daha uygun hizmet ve teklif sunabilmesini sa\u011flama ama\u00e7l\u0131 kullan\u0131lan \u00e7erezlerin toplad\u0131\u011f\u0131 veriler toplanabilmekte veya i\u015flenebilmektedir.<\/p>\n<p class=\"s3\"><span class=\"s2\">Ki\u015fisel Verilerinizin \u0130\u015flenme Ama\u00e7lar\u0131<\/span><\/p>\n<p class=\"s5\">Ki\u015fisel verileriniz; avukatl\u0131k hizmet ve faaliyetlerinden yararlanabilmeniz i\u00e7in gerekli \u00e7al\u0131\u015fmalar\u0131n yap\u0131labilmesi, SenaDuruLaw taraf\u0131ndan sunulan hizmet ve faaliyetlerin, be\u011feni, kullan\u0131m \u015fekliniz ve ihtiya\u00e7lar\u0131n\u0131za g\u00f6re \u00f6zelle\u015ftirilerek sizlere \u00f6nerilmesi ile talepleriniz do\u011frultusunda gerekli teknik destek ve kalitenin sa\u011flanmas\u0131,<\/p>\n<p class=\"s5\">Sosyal a\u011flar ile sitenin ili\u015fkilendirilmesini sa\u011flayarak, h\u0131zl\u0131 ve engelsiz payla\u015f\u0131m yap\u0131labilmesi,<\/p>\n<p class=\"s5\">Hizmet ve faaliyetlerimize ili\u015fkin her t\u00fcrl\u00fc soru ve \u015fikayetinize cevap verilebilmesi,<\/p>\n<p class=\"s5\">Veri g\u00fcvenli\u011fi kapsam\u0131nda t\u00fcm gerekli teknik ve idari tedbirleri al\u0131nmas\u0131,<\/p>\n<p class=\"s5\">D\u00fczenleyici ve denetleyici kurumlarla, resmi mercilerin talep ve denetimleri do\u011frultusunda gerekli bilgilerin temini ve idari operasyonlar\u0131n y\u00fcr\u00fct\u00fclmesi ama\u00e7lar\u0131 ile i\u015flenebilmektedir.<\/p>\n<p class=\"s3\"><span class=\"s2\">Ki\u015fisel Verilerinizin Aktar\u0131lmas\u0131<\/span><\/p>\n<p class=\"s5\">SenaDuruLaw y\u00fcr\u00fctt\u00fc\u011f\u00fc faaliyetlerle ilgili Ayd\u0131nlatma Metni\u2019nde belirtilen ki\u015fisel veri i\u015fleme ama\u00e7lar\u0131n\u0131n ger\u00e7ekle\u015ftirilmesi ve a\u015fa\u011f\u0131da belirtilen ama\u00e7larla ki\u015fisel verilerinizi onay\u0131n\u0131z do\u011frultusunda payla\u015f\u0131labilmekte veya aktar\u0131labilmektedir. Ki\u015fisel verileriniz, taraf\u0131n\u0131zca yetki verilmi\u015f olan vekil ve temsilcilerinize, d\u00fczenleyici ve denetleyici kurumlar ile mahkeme ve icra m\u00fcd\u00fcrl\u00fckleri gibi sair resmi kurumlara, ki\u015fisel verilerinizi talep etmeye yetkili olan di\u011fer kamu kurum veya kurulu\u015flar\u0131na, KVKK\u2019n\u0131n 8. ve 9. maddelerinde belirtilen ki\u015fisel veri i\u015fleme \u015fartlar\u0131 ve ama\u00e7lar\u0131 \u00e7er\u00e7evesinde aktar\u0131labilecektir.<\/p>\n<p class=\"s3\"><span class=\"s2\">Ki\u015fisel Verilerin Korunmas\u0131na Y\u00f6nelik Haklar\u0131n\u0131z<\/span><\/p>\n<p class=\"s5\">SenaDuruLaw\u2019a (<a href=\"http:\/\/www.senadurulaw.com\/\"><span class=\"s4\">www.senadurulaw.com<\/span><\/a>) ba\u015fvurarak kendinizle ilgili;<\/p>\n<p class=\"s5\">a) Ki\u015fisel veri i\u015flenip i\u015flenmedi\u011fini \u00f6\u011frenme,<\/p>\n<p class=\"s5\">b) Ki\u015fisel verileri i\u015flenmi\u015fse buna ili\u015fkin bilgi talep etme,<\/p>\n<p class=\"s5\">c) Ki\u015fisel verilerin i\u015flenme amac\u0131n\u0131 ve bunlar\u0131n amac\u0131na uygun kullan\u0131l\u0131p kullan\u0131lmad\u0131\u011f\u0131n\u0131 \u00f6\u011frenme,<\/p>\n<p class=\"s5\">\u00e7) Yurt i\u00e7inde veya yurt d\u0131\u015f\u0131nda ki\u015fisel verilerin aktar\u0131ld\u0131\u011f\u0131 \u00fc\u00e7\u00fcnc\u00fc ki\u015fileri bilme,<\/p>\n<p class=\"s5\">d) Ki\u015fisel verilerin eksik veya yanl\u0131\u015f i\u015flenmi\u015f olmas\u0131 h\u00e2linde bunlar\u0131n d\u00fczeltilmesini isteme,<\/p>\n<p class=\"s5\">e) Ki\u015fisel verilerin silinmesini veya yok edilmesini isteme,<\/p>\n<p class=\"s5\">f) (d) ve (e) bentleri uyar\u0131nca yap\u0131lan i\u015flemlerin, ki\u015fisel verilerin aktar\u0131ld\u0131\u011f\u0131 \u00fc\u00e7\u00fcnc\u00fc ki\u015filere bildirilmesini isteme,<\/p>\n<p class=\"s5\">g) \u0130\u015flenen verilerin m\u00fcnhas\u0131ran otomatik sistemler vas\u0131tas\u0131yla analiz edilmesi suretiyle ki\u015finin kendisi aleyhine bir sonucun ortaya \u00e7\u0131kmas\u0131na itiraz etme,<\/p>\n<p class=\"s5\">\u011f) Ki\u015fisel verilerin kanuna ayk\u0131r\u0131 olarak i\u015flenmesi sebebiyle zarara u\u011framas\u0131 h\u00e2linde zarar\u0131n giderilmesini talep edebilirsiniz.<\/p>\n<p class=\"s5\">Taleplerinizi mektup, telefon veya e-mail yoluyla, \u015fahsen ba\u015fvurarak veya noter arac\u0131l\u0131\u011f\u0131yla iletebilirsiniz.<\/p>\n<p class=\"s5\">Taraf\u0131m\u0131za iletilmesinden itibaren en ge\u00e7 30 g\u00fcn i\u00e7inde talepleriniz \u00fccretsiz bir \u015fekilde sonu\u00e7land\u0131r\u0131lacakt\u0131r.<\/p>\n<p class=\"s3\"><span class=\"s2\">A\u00e7\u0131k R\u0131za veya Onay Metni<\/span><\/p>\n<p class=\"s5\">6698 Say\u0131l\u0131 Ki\u015fisel Verilerin Korunmas\u0131 Kanunu \u00e7er\u00e7evesinde ki\u015fisel\/\u00f6zel nitelikli ki\u015fisel verilerimin; fiziksel olarak ofis adresinde veya web sitesi (www.senadurulaw.com) \u00fczerinden tamamen veya k\u0131smen elde edilmesi, kaydedilmesi, depolanmas\u0131, de\u011fi\u015ftirilmesi, g\u00fcncellenmesi, s\u0131n\u0131fland\u0131r\u0131lmas\u0131, i\u015flendikleri ama\u00e7 i\u00e7in gerekli olan ya da ilgili kanunda \u00f6ng\u00f6r\u00fclen s\u00fcre kadar muhafaza edilmesi, kanuni nedenlerle veya yap\u0131lan i\u015fin niteli\u011fi gere\u011fi \u00fc\u00e7\u00fcnc\u00fc ki\u015filer ile payla\u015f\u0131lmas\u0131, yurtd\u0131\u015f\u0131na aktar\u0131lmas\u0131 da dahil olmak \u00fczere yukar\u0131da a\u00e7\u0131kland\u0131\u011f\u0131 \u00fczere i\u015flenmesine, konu hakk\u0131nda teredd\u00fcde yer vermeyecek \u015fekilde bilgi sahibi ve ayd\u0131nlat\u0131lm\u0131\u015f olarak a\u00e7\u0131k r\u0131zam ile onay veriyorum.<\/p>\n<p class=\"s3\"><span class=\"s2\">Veri Sorumlusunun Kimli\u011fi<\/span><\/p>\n<p class=\"s5\">Ad, Soyad ve Unvan: Avukat Sena Duru \u2013 SenaDuruLaw \/ DuruLegal<br \/>\nWeb Adresi: www.senadurulaw.com<br \/>\nE-Mail: sena@senadurulaw.com<\/p>\n<p class=\"s5\">\n<p class=\"s5\">","protected":false},"excerpt":{"rendered":"<p>6698 Say\u0131l\u0131 Ki\u015fisel Verilerin Korumas\u0131 Kanunu (KVKK) Kapsam\u0131nda Ayd\u0131nlatma ve A\u00e7\u0131k R\u0131za Metni www.senadurulaw.com (\u201cAvukat Sena Duru\u201d veya \u201cSenaDuruLaw\u201d), veri sorumlusu olarak [&hellip;]<\/p>","protected":false},"author":1,"featured_media":0,"parent":0,"menu_order":0,"comment_status":"closed","ping_status":"closed","template":"","meta":{"footnotes":""},"class_list":["post-705","page","type-page","status-publish","hentry"],"_links":{"self":[{"href":"https:\/\/senadurulaw.com\/en\/wp-json\/wp\/v2\/pages\/705","targetHints":{"allow":["GET"]}}],"collection":[{"href":"https:\/\/senadurulaw.com\/en\/wp-json\/wp\/v2\/pages"}],"about":[{"href":"https:\/\/senadurulaw.com\/en\/wp-json\/wp\/v2\/types\/page"}],"author":[{"embeddable":true,"href":"https:\/\/senadurulaw.com\/en\/wp-json\/wp\/v2\/users\/1"}],"replies":[{"embeddable":true,"href":"https:\/\/senadurulaw.com\/en\/wp-json\/wp\/v2\/comments?post=705"}],"version-history":[{"count":2,"href":"https:\/\/senadurulaw.com\/en\/wp-json\/wp\/v2\/pages\/705\/revisions"}],"predecessor-version":[{"id":707,"href":"https:\/\/senadurulaw.com\/en\/wp-json\/wp\/v2\/pages\/705\/revisions\/707"}],"wp:attachment":[{"href":"https:\/\/senadurulaw.com\/en\/wp-json\/wp\/v2\/media?parent=705"}],"curies":[{"name":"wp","href":"https:\/\/api.w.org\/{rel}","templated":true}]}}